{"id":72,"date":"2012-04-12T13:49:27","date_gmt":"2012-04-12T13:49:27","guid":{"rendered":"http:\/\/www.s362649300.online.de\/wordpress\/?page_id=72"},"modified":"2021-02-10T12:30:43","modified_gmt":"2021-02-10T11:30:43","slug":"bestandsaufnahme","status":"publish","type":"page","link":"https:\/\/www.schulelindern.de\/?page_id=72","title":{"rendered":"Bestandsaufnahme"},"content":{"rendered":"<p>Bestandsaufnahme 2020\/21<\/p>\n<p>Offene Ganztagsschule an der Grundschule Lindern und teilgebundene Ganztagsschule an der Oberschule Lindern<\/p>\n<p>1. Schule<\/p>\n<p>Bei unserer Schule handelt es sich um ein kombiniertes System, bestehend aus einer Grundschule und einer Oberschule: die GOBS Lindern.<\/p>\n<p>1.1 Sch\u00fclerzahlen<\/p>\n<p>Im Schuljahr 2018\/19 besuchen 191 Sch\u00fcler\/innen die Grundschule und 172 Sch\u00fcler\/innen die Oberschule. Die Klassenst\u00e4rken im Primarbereich variieren zwischen 17 und 24, im Sekundarbereich zwischen 15 und 23 Sch\u00fclern.<\/p>\n<p>1.2 Geb\u00e4ude- und Raumbestand<\/p>\n<p>Die Schule besteht aus verschiedenen Trakten, die miteinander verbunden sind:<br \/>\na) Der Grundschultrakt, der \u00fcber die Aula, die auch als Pausenhalle genutzt werden kann, (- hier liegt f\u00fcr alle Sch\u00fcler gut erreichbar das B\u00fcro unserer Sozialp\u00e4dagogin -) mit dem<br \/>\nb) Verwaltungstrakt verbunden ist. In diesem Trakt liegen neben 4 B\u00fcror\u00e4umen ein Besprechungsraum, das gro\u00dfe Lehrerzimmer, der Kopierraum und die Lehrerk\u00fcche. Abgetrennt durch einen Vorhang befindet sich in diesem Trakt auch die Krankenliege.<br \/>\nc) Durch einen Flur erreicht man Fachr\u00e4ume, die Sch\u00fclerbibliothek und gelangt \u00fcber eine Treppe zu den Klassenr\u00e4umen der Oberschule des 8. Jahrgangs und 9. Jahrgangs. Das Geb\u00e4ude muss man verlassen, um in das<br \/>\nd) L- Geb\u00e4ude zu gelangen, in dem sich weitere Klassenr\u00e4ume der Oberschule befinden, au\u00dferdem der Musik- und Netbook-Raum.<br \/>\ne) Hier befinden sich noch drei weitere Fachr\u00e4ume: der Kunst-, der T\u00f6pfer- und der Werkraum.<\/p>\n<p>Grundschulbereich:<br \/>\n&#8211; 10 Klassenr\u00e4ume<br \/>\n&#8211; 1 Materialraum<br \/>\n&#8211; 2 Betreuungsr\u00e4ume<br \/>\nGrundschulhof: ausreichende Spielfl\u00e4chen und Spielger\u00e4te (Sandspielfl\u00e4che, Kletterwand, Kletterger\u00fcst, Torwand, Schaukeln)<\/p>\n<p>Sekundarbereich:<br \/>\n&#8211; 2 Klassenr\u00e4ume f\u00fcr zwei Oberschulklassen mit einem Zwischenraum, der f\u00fcr<br \/>\nGruppenarbeiten genutzt wird<br \/>\n&#8211; weitere 9 Klassenr\u00e4ume f\u00fcr die Oberschulklassen<br \/>\n&#8211; Biologieraum mit Vorbereitungsraum<br \/>\n&#8211; Physik- Chemieraum mit Vorbereitungsraum<br \/>\n&#8211; Musikraum<br \/>\n&#8211; Werkraum und Maschinenraum<br \/>\n&#8211; T\u00f6pferraum<br \/>\n&#8211; Sch\u00fclerbibliothek<br \/>\n&#8211; Laptop-Raum<br \/>\n&#8211; Netbook-Raum<br \/>\n&#8211; K\u00fcche<br \/>\n&#8211; Textilraum<br \/>\n&#8211; kleiner schuleigener Kiosk<br \/>\nSchulhof:<br \/>\n&#8211; gepflasterte Fl\u00e4che mit Spielfeldern, Tischtennisplatten und Basketballk\u00f6rben<br \/>\n&#8211; Gr\u00fcnes Klassenzimmer<br \/>\n&#8211; Rasenplatz<br \/>\n&#8211; Roter Platz ( zum Fu\u00dfballspielen)<br \/>\nSportst\u00e4tten:<br \/>\n&#8211; Schwimmbad<br \/>\n&#8211; kleine Sporthalle<br \/>\n&#8211; neue Sporthalle (Zweifeldhalle)<\/p>\n<p>Die Spielger\u00e4te im Grundschulhofbereich sind den Grundsch\u00fclern vorbehalten. Der aufw\u00e4ndig gestaltete Spielplatz mit unterschiedlichen Spiel- und Bewegungsangeboten zum Klettern, Schaukeln und Balancieren ist auf den kindlichen Bewegungsdrang zugeschnitten. Der Rote Platz, eine gro\u00dfe tartanbeschichtete Spielfl\u00e4che mit vielf\u00e4ltigen Spielfeldlineaturen, steht f\u00fcr aktive Pausengestaltung zur Verf\u00fcgung. Der Rasenplatz kann von allen Sch\u00fclern der Klassen 3-6 genutzt werden. Erg\u00e4nzt wird dieses Angebot durch eine Reihe von Ruheb\u00e4nken und Nischen bis hin zu dem Gr\u00fcnen Klassenzimmer, das besonders an hei\u00dfen Tagen auch f\u00fcr Unterrichtszwecke genutzt werden kann.<br \/>\nF\u00fcr den Sport- und Schwimmunterricht stehen zwei Turnhallen (eine \u00e4ltere, kleine und eine teilbare, gro\u00dfe Sporthalle) sowie eine Schwimmhalle mit Hubboden zur Verf\u00fcgung. Die Sch\u00fcler der Klassen 1 \u2013 4 erhalten je eine Stunde Sport- und eine Stunde Schwimmunterricht in der Woche.<br \/>\nDer Sportunterricht im Sekundarbereich umfasst 2 Wochenstunden. Es findet abwechselnd Sport und Schwimmen statt. Im Schwimmunterricht wird die M\u00f6glichkeit geboten, die Schwimmabzeichen abzulegen.<br \/>\nAm Ende eines jeden Schuljahres wird ein Sportfest in Form einer Olympiade, eines Triathlons oder anderer alternativer Spiele veranstaltet. Das Sportfest wird in der Regel durch einen Spieletag erg\u00e4nzt.<br \/>\nDie Bibliothek ist f\u00fcr alle Sch\u00fcler angelegt. In den beiden gro\u00dfen Pausen ist ein B\u00fcchereidienst in der Bibliothek eingerichtet, der von \u00e4lteren Sch\u00fclern geleistet wird. Alle Sch\u00fcler d\u00fcrfen sich unentgeltlich B\u00fccher f\u00fcr einen begrenzten Zeitraum ausleihen. Die Fachr\u00e4ume werden zum gr\u00f6\u00dften Teil von Klassen des Sekundarbereiches genutzt, sie stehen aber auch den Grundschulklassen bei Bedarf zur Verf\u00fcgung. So wird der Musikraum beispielsweise durchg\u00e4ngig von allen Gruppen genutzt, in denen Musikunterricht durchgef\u00fchrt wird.<br \/>\nIn der Aula befindet sich auch eine B\u00fchne. Dieser gro\u00dfe Raum wird von der gesamten Schule genutzt, von der Einschulungsfeier \u00fcber Weihnachtsfeiern bis hin zu der Entlassungsfeier.<\/p>\n<p>1.3 Offenes Ganztagsangebot an der Grundschule Lindern<\/p>\n<p>Die Grundschule Lindern ist eine Verl\u00e4ssliche Grundschule mit einem Betreuungsangebot, das von ca. 55 Kindern wahrgenommen wird. Die Betreuung wird von drei P\u00e4dagogischen Mitarbeitern durchgef\u00fchrt.<br \/>\nEin offenes Ganztagsangebot an drei Tagen (montags, dienstags und mittwochs) ist die konsequente Weiterentwicklung der bisherigen Betreuungs- und Hausaufgabenhilfesituation an dieser Schule, ebenso die Fortsetzung der Betreuungszeiten der Kita, in der auch \u00d6ffnungszeiten \u00fcber die Mittagszeit hinaus angeboten werden.<br \/>\nDas offene Ganztagsangebot stellt ein grundlegendes Element der Weiterentwicklung dieser Schule dar.<br \/>\nDas Angebot der offenen Ganztagsschule ist freiwillig. Sch\u00fcler, die daran teilnehmen, verpflichten sich zur regelm\u00e4\u00dfigen Teilnahme f\u00fcr die Dauer eines Schulhalbjahres.<\/p>\n<p>1.3.1 Aufgabenschwerpunkte und Zielsetzung<\/p>\n<p>Das Angebot der offenen Ganztagsschule der Grundschule Lindern setzt sich aus folgenden Elementen zusammen:<br \/>\nMittagessen, Spielpause, Hausaufgabenbetreuung, gemeinsames Spiel und Angebote im Rahmen des Freiraums f\u00fcr selbstbestimmtes Lernen.<\/p>\n<p>1.3.2 Tagesplanung<\/p>\n<p>7.00 &#8211; 8.00 Uhr Betreuung<br \/>\n8.00 &#8211; 8.15 Uhr Betreuung ( im Rahmen der Verl\u00e4sslichen Grundschule)<br \/>\n8.15 &#8211; 11.45 Uhr 1.+2. Klassen<br \/>\nUnterricht nach Stundentafel<br \/>\n8.15 &#8211; 12.45 Uhr 2. Klassen<br \/>\nUnterricht nach Stundentafel<br \/>\nmontags und dienstags<br \/>\n8.15 &#8211; 12.45 Uhr 3. + 4. Klassen<br \/>\nUnterricht nach Stundentafel<br \/>\n8.15 &#8211; 13.35 Uhr 3. + 4. Klassen<br \/>\nUnterricht nach Stundentafel<br \/>\ndonnerstags<br \/>\n12.00 &#8211; 12.45 Uhr Betreuung f\u00fcr die 1. + 2. Klassen (im Rahmen der Verl\u00e4sslichen Grundschule)<br \/>\n12.45 &#8211; 13.30 Uhr Mittagessen und Spielpause<br \/>\nf\u00fcr die 1. &#8211; 4. Klassen<br \/>\n13.30 &#8211; 14.00 Uhr Hausaufgabenbetreuung<br \/>\n14.00 &#8211; 15.30 Uhr Projekte\/ Freiraum f\u00fcr selbstbestimmtes Lernen<br \/>\nund AG- Angebote f\u00fcr die 3. + 4. Klassen<\/p>\n<p>Um den Sch\u00fclern eine gesicherte Alltagsstruktur zu bieten, sind verl\u00e4ssliche, kontinuierliche und vielseitige Angebote der Versorgung und Betreuung notwendig.<br \/>\nDas t\u00e4gliche warme Mittagessen ist ein zentraler Punkt der Kommunikation und stellt gleichzeitig eine sichere, regelm\u00e4\u00dfige Grundversorgung dar.<br \/>\nIn der Spielpause haben die Sch\u00fclerinnen und Sch\u00fcler die M\u00f6glichkeit, ihren individuellen Bed\u00fcrfnissen nachzugehen.<\/p>\n<p>Hausaufgabenbetreuung:<br \/>\nDie Tagesstruktur der offenen Ganztagsschule sieht eine Hausaufgabenbetreuung vor, in der am Vormittag besprochene Aufgaben selbstst\u00e4ndig und eigenverantwortlich erledigt werden sollen. (s. Hausaufgabenkonzept)<br \/>\nDie Sch\u00fcler erhalten an dieser Stelle kompetente Hilfe durch das p\u00e4dagogische Betreuungspersonal. Diese stellen infolgedessen nicht nur die Aufsicht sicher, sondern stehen auch als Ansprechpartner bei Problemen und als Impulsgeber zur Verf\u00fcgung.<\/p>\n<p>AG-Angebote:<br \/>\nDie verschiedenen Angebote in Form von Arbeitsgemeinschaften er\u00f6ffnen den Kindern eine sinnvolle Freizeitgestaltung. Sie lernen mit ihren F\u00e4higkeiten und Interessen umzugehen, ihre eigenen Grenzen zu akzeptieren, bringen sich sinnvoll ein und erfahren einen Lernzuwachs in verschiedenen Bereichen. Hier nutzen wir die M\u00f6glichkeit, schulform\u00fcbergreifende Angebote zu machen.<\/p>\n<p>1.4 Teilgebundene Ganztagsschule in der Oberschule<\/p>\n<p>Die Oberschule Lindern besteht in dieser Form seit dem 1.8.2011. W\u00e4hrend die Klassen der Hauptschule und der Realschule nach und nach abgebaut werden, entwickelt sich die Oberschule im Gegenzug aufsteigend. Im Schuljahr 2018\/19 wird die Oberschule zweiz\u00fcgig vom 6. bis zum 9. Jahrgang gef\u00fchrt und einz\u00fcgig in Klasse 5 und 10.<br \/>\nDas teilgebundene Ganztagsangebot in der Oberschule stellt ein grundlegendes Element der Weiterentwicklung dieser Schule dar. Es wird an zwei Tagen verbindlicher Unterricht durch Lehrkr\u00e4fte angeboten. Erg\u00e4nzt wird dies durch einen zus\u00e4tzlichen freiwilligen Tag, an dem AG-Angebote sowohl durch Lehrkr\u00e4fte als auch durch Kooperationspartner gemacht werden.<\/p>\n<p>1.4.1 Aufgabenschwerpunkte und Zielsetzung<\/p>\n<p>Durch die Einrichtung einer teilgebundenen Ganztagsschule in der Oberschule Lindern mit Pflichtunterricht am Vormittag und am Nachmittag, dem Angebot eines Mittagessens, dem F\u00f6rder- und Forderunterricht (Clubs \u2013 in Anlehnung an die Profikurse der Grundschule) und Projekten oder Arbeitsgemeinschaften an dem zus\u00e4tzlichem freiwilligen Tag lassen sich gesellschaftliche Aspekte und didaktische Zielsetzungen zu einem schulischen Gesamtkonzept verbinden.<\/p>\n<p>1.4.2 Tagesplanung<\/p>\n<p>8.15 Uhr &#8211; 12.45 Uhr \/ 13.35 Uhr Unterricht nach Stundentafel<br \/>\ninklusive Lernzeiten dienstags und mittwochs<br \/>\n13.35 Uhr &#8211; 14.00 Uhr Mittagspause<br \/>\n-Teilnahme am Mittagessen freiwillig-<br \/>\n14.00 Uhr &#8211; 15.30 Uhr verpflichtender Unterricht<br \/>\n14.00 Uhr &#8211; 15.30 Uhr AG-Angebote am Donnerstag<\/p>\n<p>1.5 Qualit\u00e4tssicherung<\/p>\n<p>Alle am Ganztagsangebot Beteiligten treffen sich regelm\u00e4\u00dfig zur gemeinsamen Evaluation. Dies bezieht sich sowohl auf das offene Angebot in der Grundschule als auch auf das teilgebundene Angebot in der Oberschule. Lehrer und Lehrerinnen, P\u00e4dagogische Mitarbeiter\/innen, Schultr\u00e4ger, Elternvertreter, au\u00dferschulische Kooperationspartner und auch Sch\u00fclervertreter reflektieren die Ganztagsgestaltung und erarbeiten erforderliche Verbesserungsvorschl\u00e4ge. Dabei werden z.B. Eltern- und Sch\u00fclerbefragungen ausgewertet, neue au\u00dferschulische Angebote \u00fcberpr\u00fcft, das Gelingen und auch der Ablauf des Ganztagsbetriebs auf Schw\u00e4chen untersucht und optimiert.<br \/>\nBesonders wichtig ist hier eine Elternratssitzung am Ende eines jeden Schuljahres, bei dem gemeinsam \u00fcber \u00c4nderungen und Angebote im Ablauf des folgenden Schuljahres beraten wird.<\/p>\n","protected":false},"excerpt":{"rendered":"<p>Bestandsaufnahme 2020\/21 Offene Ganztagsschule an der Grundschule Lindern und teilgebundene Ganztagsschule an der Oberschule Lindern 1. Schule Bei unserer Schule handelt es sich um ein kombiniertes System, bestehend aus einer Grundschule und einer Oberschule: die GOBS Lindern. 1.1 Sch\u00fclerzahlen Im &hellip; <a href=\"https:\/\/www.schulelindern.de\/?page_id=72\">Weiterlesen <span class=\"meta-nav\">&rarr;<\/span><\/a><\/p>\n","protected":false},"author":1,"featured_media":0,"parent":0,"menu_order":0,"comment_status":"closed","ping_status":"closed","template":"","meta":{"footnotes":""},"class_list":["post-72","page","type-page","status-publish","hentry"],"_links":{"self":[{"href":"https:\/\/www.schulelindern.de\/index.php?rest_route=\/wp\/v2\/pages\/72","targetHints":{"allow":["GET"]}}],"collection":[{"href":"https:\/\/www.schulelindern.de\/index.php?rest_route=\/wp\/v2\/pages"}],"about":[{"href":"https:\/\/www.schulelindern.de\/index.php?rest_route=\/wp\/v2\/types\/page"}],"author":[{"embeddable":true,"href":"https:\/\/www.schulelindern.de\/index.php?rest_route=\/wp\/v2\/users\/1"}],"replies":[{"embeddable":true,"href":"https:\/\/www.schulelindern.de\/index.php?rest_route=%2Fwp%2Fv2%2Fcomments&post=72"}],"version-history":[{"count":7,"href":"https:\/\/www.schulelindern.de\/index.php?rest_route=\/wp\/v2\/pages\/72\/revisions"}],"predecessor-version":[{"id":2423575,"href":"https:\/\/www.schulelindern.de\/index.php?rest_route=\/wp\/v2\/pages\/72\/revisions\/2423575"}],"wp:attachment":[{"href":"https:\/\/www.schulelindern.de\/index.php?rest_route=%2Fwp%2Fv2%2Fmedia&parent=72"}],"curies":[{"name":"wp","href":"https:\/\/api.w.org\/{rel}","templated":true}]}}