{"id":66,"date":"2012-04-12T13:46:31","date_gmt":"2012-04-12T13:46:31","guid":{"rendered":"http:\/\/www.s362649300.online.de\/wordpress\/?page_id=66"},"modified":"2021-07-19T11:25:42","modified_gmt":"2021-07-19T09:25:42","slug":"hausmeister","status":"publish","type":"page","link":"https:\/\/www.schulelindern.de\/?page_id=66","title":{"rendered":"Hausmeister"},"content":{"rendered":"<p>Unser Hausmeister Stephan M\u00f6ller betreut die technischen und digitalen Anlagen und sorgt mit viel Elan f\u00fcr Ordnung in und um das Schulgeb\u00e4ude herum.<\/p>\n<p style=\"color: #0b3b8e; font-family: Verdana, Geneva, Arial, Helvetica, sans-serif; font-size: 13px; text-align: left; background-color: #edf4ff; padding: 0px; margin: 0px;\">\u00a0<\/p>\n\n\n<p><\/p>\n","protected":false},"excerpt":{"rendered":"<p>Unser Hausmeister Stephan M\u00f6ller betreut die technischen und digitalen Anlagen und sorgt mit viel Elan f\u00fcr Ordnung in und um das Schulgeb\u00e4ude herum. \u00a0<\/p>\n","protected":false},"author":1,"featured_media":0,"parent":0,"menu_order":0,"comment_status":"closed","ping_status":"closed","template":"","meta":{"footnotes":""},"class_list":["post-66","page","type-page","status-publish","hentry"],"_links":{"self":[{"href":"https:\/\/www.schulelindern.de\/index.php?rest_route=\/wp\/v2\/pages\/66","targetHints":{"allow":["GET"]}}],"collection":[{"href":"https:\/\/www.schulelindern.de\/index.php?rest_route=\/wp\/v2\/pages"}],"about":[{"href":"https:\/\/www.schulelindern.de\/index.php?rest_route=\/wp\/v2\/types\/page"}],"author":[{"embeddable":true,"href":"https:\/\/www.schulelindern.de\/index.php?rest_route=\/wp\/v2\/users\/1"}],"replies":[{"embeddable":true,"href":"https:\/\/www.schulelindern.de\/index.php?rest_route=%2Fwp%2Fv2%2Fcomments&post=66"}],"version-history":[{"count":5,"href":"https:\/\/www.schulelindern.de\/index.php?rest_route=\/wp\/v2\/pages\/66\/revisions"}],"predecessor-version":[{"id":2423812,"href":"https:\/\/www.schulelindern.de\/index.php?rest_route=\/wp\/v2\/pages\/66\/revisions\/2423812"}],"wp:attachment":[{"href":"https:\/\/www.schulelindern.de\/index.php?rest_route=%2Fwp%2Fv2%2Fmedia&parent=66"}],"curies":[{"name":"wp","href":"https:\/\/api.w.org\/{rel}","templated":true}]}}