{"id":62,"date":"2012-04-12T13:43:59","date_gmt":"2012-04-12T13:43:59","guid":{"rendered":"http:\/\/www.s362649300.online.de\/wordpress\/?page_id=62"},"modified":"2015-05-29T14:02:46","modified_gmt":"2015-05-29T12:02:46","slug":"sekretariat","status":"publish","type":"page","link":"https:\/\/www.schulelindern.de\/?page_id=62","title":{"rendered":"Sekretariat"},"content":{"rendered":"<p><a href=\"https:\/\/www.schulelindern.de\/wp-content\/uploads\/2012\/04\/Ericsson_bakelittelefon_1931.jpg\"><img loading=\"lazy\" decoding=\"async\" class=\"alignnone size-medium wp-image-2151835\" src=\"https:\/\/www.schulelindern.de\/wp-content\/uploads\/2012\/04\/Ericsson_bakelittelefon_1931-300x238.jpg\" alt=\"KONICA MINOLTA DIGITAL CAMERA\" width=\"300\" height=\"238\" srcset=\"https:\/\/www.schulelindern.de\/wp-content\/uploads\/2012\/04\/Ericsson_bakelittelefon_1931-300x238.jpg 300w, https:\/\/www.schulelindern.de\/wp-content\/uploads\/2012\/04\/Ericsson_bakelittelefon_1931-500x397.jpg 500w, https:\/\/www.schulelindern.de\/wp-content\/uploads\/2012\/04\/Ericsson_bakelittelefon_1931.jpg 1238w\" sizes=\"auto, (max-width: 300px) 100vw, 300px\" \/><\/a><\/p>\n<p>Unsere Schulsekret\u00e4rin<\/p>\n<p>Das Schulsekretariat der Grund- und Oberschule Lindern ist montags bis freitags vor, w\u00e4hrend und nach der Schulzeit durch Frau Hu\u00dfmann besetzt. Frau Hu\u00dfmann ist erste Ansprechpartnerin f\u00fcr alle administrativen und organisatorischen Angelegenheiten des Schullebens. Gerne steht sie Sch\u00fclern, Lehrern und Eltern bei kleinen und gr\u00f6\u00dferen Sorgen hilfreich zur Seite.<\/p>\n<p>Telefonisch ist das Sekretariat zu erreichen unter Tel. 05957\/96110 oder unter der E-Mail-Adresse: Britta.Hussmann.schule.lindern@ewe.net<\/p>\n","protected":false},"excerpt":{"rendered":"<p>Unsere Schulsekret\u00e4rin Das Schulsekretariat der Grund- und Oberschule Lindern ist montags bis freitags vor, w\u00e4hrend und nach der Schulzeit durch Frau Hu\u00dfmann besetzt. Frau Hu\u00dfmann ist erste Ansprechpartnerin f\u00fcr alle administrativen und organisatorischen Angelegenheiten des Schullebens. Gerne steht sie Sch\u00fclern, &hellip; <a href=\"https:\/\/www.schulelindern.de\/?page_id=62\">Weiterlesen <span class=\"meta-nav\">&rarr;<\/span><\/a><\/p>\n","protected":false},"author":1,"featured_media":0,"parent":0,"menu_order":0,"comment_status":"closed","ping_status":"closed","template":"","meta":{"footnotes":""},"class_list":["post-62","page","type-page","status-publish","hentry"],"_links":{"self":[{"href":"https:\/\/www.schulelindern.de\/index.php?rest_route=\/wp\/v2\/pages\/62","targetHints":{"allow":["GET"]}}],"collection":[{"href":"https:\/\/www.schulelindern.de\/index.php?rest_route=\/wp\/v2\/pages"}],"about":[{"href":"https:\/\/www.schulelindern.de\/index.php?rest_route=\/wp\/v2\/types\/page"}],"author":[{"embeddable":true,"href":"https:\/\/www.schulelindern.de\/index.php?rest_route=\/wp\/v2\/users\/1"}],"replies":[{"embeddable":true,"href":"https:\/\/www.schulelindern.de\/index.php?rest_route=%2Fwp%2Fv2%2Fcomments&post=62"}],"version-history":[{"count":4,"href":"https:\/\/www.schulelindern.de\/index.php?rest_route=\/wp\/v2\/pages\/62\/revisions"}],"predecessor-version":[{"id":2152614,"href":"https:\/\/www.schulelindern.de\/index.php?rest_route=\/wp\/v2\/pages\/62\/revisions\/2152614"}],"wp:attachment":[{"href":"https:\/\/www.schulelindern.de\/index.php?rest_route=%2Fwp%2Fv2%2Fmedia&parent=62"}],"curies":[{"name":"wp","href":"https:\/\/api.w.org\/{rel}","templated":true}]}}