{"id":48,"date":"2012-04-12T13:13:29","date_gmt":"2012-04-12T13:13:29","guid":{"rendered":"http:\/\/www.s362649300.online.de\/wordpress\/?page_id=48"},"modified":"2018-08-29T09:31:01","modified_gmt":"2018-08-29T07:31:01","slug":"vertrauenslehrerin","status":"publish","type":"page","link":"https:\/\/www.schulelindern.de\/?page_id=48","title":{"rendered":"Vertrauenslehrerin"},"content":{"rendered":"<h2 class=\"art-postheader\" style=\"text-align: center; padding: 0px; margin: 0px;\"><\/h2>\n<div style=\"text-align: -webkit-auto;\"><\/div>\n<div class=\"art-postcontent\" style=\"font-family: Verdana, Geneva, Arial, Helvetica, sans-serif;\">\n<div class=\"art-article\">\n<p style=\"color: #0b3b8e; font-size: 13px; background-color: #edf4ff; text-align: justify; padding: 0px; margin: 0px;\"><span style=\"font-family: lucida sans unicode,lucida grande,sans-serif;\"><span style=\"font-size: 12pt;\">Zu unseren Vertrauenslehrerinnen wurden Frau Krassen und Frau Vodde gew\u00e4hlt.<\/span><\/span><\/p>\n<p style=\"color: #0b3b8e; font-size: 13px; background-color: #edf4ff; text-align: justify; padding: 0px; margin: 0px;\"><span style=\"font-family: lucida sans unicode,lucida grande,sans-serif;\"><strong class=\"pressetext\" style=\"line-height: 18px;\">Welche Aufgaben hat der Vertrauenslehrer?<\/strong><\/span><\/p>\n<p style=\"color: #0b3b8e; font-size: 13px; background-color: #edf4ff; text-align: justify; padding: 0px; margin: 0px;\"><span style=\"font-family: lucida sans unicode,lucida grande,sans-serif;\"><span class=\"pressetext\" style=\"line-height: 18px;\">Der Vertrauenslehrer ist wie der Name schon sagt, ein Lehrer des Vertrauens f\u00fcr dich und deine Mitsch\u00fclerinnen und Mitsch\u00fcler. Er wird deshalb am Anfang des Schuljahres nicht von deinen Lehrern oder der Schulleitung bestimmt, sondern von den Klassensprechern und deren Stellvertretern gew\u00e4hlt.<\/span><\/span><\/p>\n<div style=\"color: #0b3b8e; font-size: 13px; background-color: #edf4ff; text-align: justify;\"><\/div>\n<div style=\"color: #0b3b8e; font-size: 13px; background-color: #edf4ff; text-align: justify;\"><span style=\"font-family: lucida sans unicode,lucida grande,sans-serif;\"><strong class=\"pressetext\" style=\"line-height: 18px;\">Vermittler zwischen Sch\u00fcler und Lehrer<\/strong><\/span><\/div>\n<div style=\"color: #0b3b8e; font-size: 13px; background-color: #edf4ff; text-align: justify;\"><span style=\"font-family: lucida sans unicode,lucida grande,sans-serif;\">Manchmal kann es zwischen Lehrer und Sch\u00fcler zu einem Konflikt kommen, der trotz vieler Gepr\u00e4che nicht zu l\u00f6sen ist. Hier kann der Vertrauenslehrer als neutrale Person zwischen beiden Seiten zu vermitteln versuchen und somit zu einer L\u00f6sung des Konfliktes beitragen.<\/span><\/div>\n<div style=\"color: #0b3b8e; font-size: 13px; background-color: #edf4ff; text-align: justify;\"><\/div>\n<div style=\"color: #0b3b8e; font-size: 13px; background-color: #edf4ff; text-align: justify;\"><\/div>\n<div style=\"color: #0b3b8e; font-size: 13px; background-color: #edf4ff; text-align: justify;\"><span style=\"font-family: lucida sans unicode,lucida grande,sans-serif;\"><strong class=\"pressetext\" style=\"line-height: 18px;\">Ansprechpartner f\u00fcr andere Probleme<\/strong><\/span><\/div>\n<div style=\"color: #0b3b8e; font-size: 13px; background-color: #edf4ff; text-align: justify;\"><span style=\"font-family: lucida sans unicode,lucida grande,sans-serif;\">Nat\u00fcrlich kann es auch andere Problembereiche geben: Gewalt in der Familie, Drogen, Probleme mit Sekten, \u2026<\/span><\/div>\n<div style=\"color: #0b3b8e; font-size: 13px; background-color: #edf4ff; text-align: justify;\"><span style=\"font-family: lucida sans unicode,lucida grande,sans-serif;\">Unter strengster Verschwiegenheit sucht der Vetrauenslehrer nach L\u00f6sungen oder bem\u00fcht sich um eine Person, die dem betroffenen Sch\u00fcler professionelle Hilfe bietet.<\/span><\/div>\n<div style=\"color: #0b3b8e; font-size: 13px; background-color: #edf4ff; text-align: justify;\"><\/div>\n<div style=\"color: #0b3b8e; font-size: 13px; background-color: #edf4ff; text-align: justify;\"><\/div>\n<div style=\"color: #0b3b8e; font-size: 13px; background-color: #edf4ff; text-align: justify;\"><span style=\"font-family: lucida sans unicode,lucida grande,sans-serif;\"><strong class=\"pressetext\" style=\"line-height: 18px;\">Berater der SV<\/strong><\/span><\/div>\n<div style=\"color: #0b3b8e; font-size: 13px; background-color: #edf4ff; text-align: justify;\"><span style=\"font-family: lucida sans unicode,lucida grande,sans-serif;\">Er beteiligt sich an den Sitzungen der SMV, um die Sch\u00fcler vertrauensvoll zu beraten.<\/span><\/div>\n<div><\/div>\n<p>&nbsp;<\/p>\n<p>&nbsp;<\/p>\n<p>&nbsp;<\/p>\n<\/div>\n<\/div>\n<p>&nbsp;<\/p>\n","protected":false},"excerpt":{"rendered":"<p>Zu unseren Vertrauenslehrerinnen wurden Frau Krassen und Frau Vodde gew\u00e4hlt. Welche Aufgaben hat der Vertrauenslehrer? Der Vertrauenslehrer ist wie der Name schon sagt, ein Lehrer des Vertrauens f\u00fcr dich und deine Mitsch\u00fclerinnen und Mitsch\u00fcler. Er wird deshalb am Anfang des &hellip; <a href=\"https:\/\/www.schulelindern.de\/?page_id=48\">Weiterlesen <span class=\"meta-nav\">&rarr;<\/span><\/a><\/p>\n","protected":false},"author":1,"featured_media":0,"parent":0,"menu_order":0,"comment_status":"closed","ping_status":"closed","template":"","meta":{"footnotes":""},"class_list":["post-48","page","type-page","status-publish","hentry"],"_links":{"self":[{"href":"https:\/\/www.schulelindern.de\/index.php?rest_route=\/wp\/v2\/pages\/48","targetHints":{"allow":["GET"]}}],"collection":[{"href":"https:\/\/www.schulelindern.de\/index.php?rest_route=\/wp\/v2\/pages"}],"about":[{"href":"https:\/\/www.schulelindern.de\/index.php?rest_route=\/wp\/v2\/types\/page"}],"author":[{"embeddable":true,"href":"https:\/\/www.schulelindern.de\/index.php?rest_route=\/wp\/v2\/users\/1"}],"replies":[{"embeddable":true,"href":"https:\/\/www.schulelindern.de\/index.php?rest_route=%2Fwp%2Fv2%2Fcomments&post=48"}],"version-history":[{"count":2,"href":"https:\/\/www.schulelindern.de\/index.php?rest_route=\/wp\/v2\/pages\/48\/revisions"}],"predecessor-version":[{"id":2422604,"href":"https:\/\/www.schulelindern.de\/index.php?rest_route=\/wp\/v2\/pages\/48\/revisions\/2422604"}],"wp:attachment":[{"href":"https:\/\/www.schulelindern.de\/index.php?rest_route=%2Fwp%2Fv2%2Fmedia&parent=48"}],"curies":[{"name":"wp","href":"https:\/\/api.w.org\/{rel}","templated":true}]}}