{"id":35,"date":"2012-04-12T13:02:12","date_gmt":"2012-04-12T13:02:12","guid":{"rendered":"http:\/\/www.s362649300.online.de\/wordpress\/?page_id=35"},"modified":"2016-03-10T09:14:14","modified_gmt":"2016-03-10T08:14:14","slug":"unser-leitbild","status":"publish","type":"page","link":"https:\/\/www.schulelindern.de\/?page_id=35","title":{"rendered":"Unser Leitbild"},"content":{"rendered":"<p style=\"text-align: center;\"><a href=\"https:\/\/www.schulelindern.de\/wp-content\/uploads\/2012\/04\/Leitbildneuweb1.jpg\"><img loading=\"lazy\" decoding=\"async\" class=\"wp-image-1920159 aligncenter\" style=\"margin-top: 10px; margin-bottom: 10px;\" src=\"https:\/\/www.schulelindern.de\/wp-content\/uploads\/2012\/04\/Leitbildneuweb1-397x600.jpg\" alt=\"Leitbildneuweb\" width=\"238\" height=\"360\" srcset=\"https:\/\/www.schulelindern.de\/wp-content\/uploads\/2012\/04\/Leitbildneuweb1-397x600.jpg 397w, https:\/\/www.schulelindern.de\/wp-content\/uploads\/2012\/04\/Leitbildneuweb1-198x300.jpg 198w, https:\/\/www.schulelindern.de\/wp-content\/uploads\/2012\/04\/Leitbildneuweb1.jpg 500w\" sizes=\"auto, (max-width: 238px) 100vw, 238px\" \/><\/a><!--more-->\u00a0GEMEINSAM\u00a0<span style=\"color: #ff0000;\">LEBEN<\/span>\u00a0<span style=\"color: #0000ff;\">LERNEN<\/span>\u00a0<span style=\"color: #00ff00;\">LEISTEN<\/span><\/p>\n<p>&nbsp;<\/p>\n<p>An unserer Grund- und Oberschule steht die Gemeinschaft im Vordergrund. Die Schulleitung, das Lehrerkollegium, die Mitarbeiter, die ehrenamtlichen Mitarbeiter, die Sch\u00fcler der Grund- und Oberschule sowie die Eltern tragen durch ihr pers\u00f6nliches Engagement gemeinsam dazu bei, dass das Schulleben funktioniert.<\/p>\n<p>&nbsp;<\/p>\n<p><span style=\"color: #ff0000;\">LEBEN<\/span><\/p>\n<p><strong>Ein respektvolles Miteinander ist nur m\u00f6glich, wenn alle Beteiligten sich an Regeln halten.<\/strong>\u00a0Hierzu geh\u00f6ren die Aufgaben in den einzelnen Gremien der Schule genauso wie die Schulordnung und die Werte und Normen der h\u00e4uslichen Erziehung.<\/p>\n<p>Im Rahmen des Bildungsangebotes in unserer Schule stehen verschiedene Schulformen gleichwertig nebeneinander zur Verf\u00fcgung. Diese Besonderheit f\u00f6rdert den Zusammenhalt der Sch\u00fcler aller Klassen und ist ein enorm wichtiger Baustein f\u00fcr die Entwicklung des Wir- Gef\u00fchls.<\/p>\n<p>Nicht nur Lehrer, Mitarbeiter und Eltern sind Vorbilder f\u00fcr unsere Kinder, auch \u00e4ltere Sch\u00fcler tragen Verantwortung den j\u00fcngeren Sch\u00fclern gegen\u00fcber. J\u00fcngere Sch\u00fcler hingegen k\u00f6nnen durch ihr Verhalten gegen\u00fcber den \u00e4lteren Jahrg\u00e4ngen ebenfalls dazu beitragen, dass das gute Zusammenleben an unserer Schule erm\u00f6glicht wird. Der korrekte Umgang mit Eigentum und Arbeit anderer sowie ein sensibles Verhalten gegen\u00fcber unserer Umwelt sind Eckpunkte unseres Schulalltages. Am wichtigsten hierbei ist das gewaltfreie Miteinander.<\/p>\n<p>&nbsp;<\/p>\n<p><span style=\"color: #0000ff;\">LERNEN<\/span><\/p>\n<p><strong>Unsere Schule ist ein Ort der Bildung.<\/strong><\/p>\n<p>Hierzu geh\u00f6rt nicht nur die Wissensvermittlung unterschiedlichster Inhalte und Themen. Die <strong>F\u00f6rderung individueller Entwicklung<\/strong> der eigenen Pers\u00f6nlichkeit sowie der Selbstst\u00e4ndigkeit sind genauso Bestandteil unseres Schulprogramms wie das N\u00e4herbringen von Kultur und die V\u00f6lkerverst\u00e4ndigung. Dazu werden regelm\u00e4\u00dfig Veranstaltungen und Projekte wie zum Beispiel die Teilnahme an der Kulturwoche oder der Sch\u00fcleraustausch mit unserer Partnerstadt Mrocza in Polen durchgef\u00fchrt. Regelm\u00e4\u00dfige Theater- und Museumsbesuche runden das Programm ab.<\/p>\n<p>Im Rahmen der Ganztagsschule wird neben der <strong>Bewegung<\/strong> auch die <strong>Kreativit\u00e4t<\/strong> als wichtiges Element in der Ausgestaltung der Nachmittagsstunden gesehen. Die M\u00f6glichkeit, das am Vormittag Erlernte in Experimenten anzuwenden, hilft hierbei auch Wissen und Grundfertigkeiten zu sichern.<\/p>\n<p><strong>Berufsorientierung<\/strong> und <strong>Berufsvorbereitung<\/strong> sind feste Bestandteile im schulischen Alltag.<\/p>\n<p>&nbsp;<\/p>\n<p><span style=\"color: #00ff00;\">LEISTEN<\/span><\/p>\n<p><strong>Leistungen sind sehr unterschiedlich messbar.<\/strong>\u00a0Dabei darf nicht nur die Leistung gesehen werden, die zum Erlernen eines Unterrichtsstoffes notwendig ist. Die Talente und Begabungen unserer Kinder, aber auch die der Lehrer, Mitarbeiter und Eltern zusammen erm\u00f6glichen unserer Schule ein Leistungsbild zu erzeugen, das notwendig f\u00fcr den erfolgreichen Abschluss der Schulzeit ist.<\/p>\n<p>&nbsp;<\/p>\n<p><strong>Schlusswort:<\/strong><\/p>\n<p><strong>Unsere Schule ist transparent und offen. Alle Interessengruppen werden \u00fcber Entscheidungen, Themen und Inhalte nicht nur informiert, sondern k\u00f6nnen durch die unterschiedlichen Gremien wie Schulelternrat, Schulvorstand und Gesamtkonferenz auch mitwirken. Jeder hat die M\u00f6glichkeit sich einzubringen.\u00a0<\/strong><\/p>\n","protected":false},"excerpt":{"rendered":"","protected":false},"author":1,"featured_media":0,"parent":0,"menu_order":0,"comment_status":"closed","ping_status":"closed","template":"","meta":{"footnotes":""},"class_list":["post-35","page","type-page","status-publish","hentry"],"_links":{"self":[{"href":"https:\/\/www.schulelindern.de\/index.php?rest_route=\/wp\/v2\/pages\/35","targetHints":{"allow":["GET"]}}],"collection":[{"href":"https:\/\/www.schulelindern.de\/index.php?rest_route=\/wp\/v2\/pages"}],"about":[{"href":"https:\/\/www.schulelindern.de\/index.php?rest_route=\/wp\/v2\/types\/page"}],"author":[{"embeddable":true,"href":"https:\/\/www.schulelindern.de\/index.php?rest_route=\/wp\/v2\/users\/1"}],"replies":[{"embeddable":true,"href":"https:\/\/www.schulelindern.de\/index.php?rest_route=%2Fwp%2Fv2%2Fcomments&post=35"}],"version-history":[{"count":1,"href":"https:\/\/www.schulelindern.de\/index.php?rest_route=\/wp\/v2\/pages\/35\/revisions"}],"predecessor-version":[{"id":2218349,"href":"https:\/\/www.schulelindern.de\/index.php?rest_route=\/wp\/v2\/pages\/35\/revisions\/2218349"}],"wp:attachment":[{"href":"https:\/\/www.schulelindern.de\/index.php?rest_route=%2Fwp%2Fv2%2Fmedia&parent=35"}],"curies":[{"name":"wp","href":"https:\/\/api.w.org\/{rel}","templated":true}]}}