{"id":303,"date":"2012-04-14T15:56:44","date_gmt":"2012-04-14T13:56:44","guid":{"rendered":"http:\/\/www.s362649300.online.de\/wordpress\/?page_id=303"},"modified":"2024-11-18T13:28:03","modified_gmt":"2024-11-18T12:28:03","slug":"jugendtreff","status":"publish","type":"page","link":"https:\/\/www.schulelindern.de\/?page_id=303","title":{"rendered":"Jugendtreff"},"content":{"rendered":"<p><span style=\"font-size: 12px;\"><span style=\"font-family: lucida sans unicode,lucida grande,sans-serif;\"><strong>Jugendtreff \u201eTreffer\u201c<\/strong><\/span><\/span><\/p>\n<p>Der Jugendtreff der Gemeinde Lindern geh\u00f6rt au\u00dferdem zum Aufgabengebiet der Sozialp\u00e4dagogin Denise Hahnheiser. Der Jugendtreff \u201eTreffer\u201c wird von ihr geleitet.<\/p>\n<p>Seit der Er\u00f6ffnung im Juni 2010 haben schon so manche Frau Hahnheiser unterst\u00fctzt.<br \/>\nSo geh\u00f6rt seit Oktober 2021 Marie-Christine Fatmann zum Treffer-Team.<\/p>\n<p>Der Jugendtreff befindet sich in alten R\u00e4umlichkeiten der Schule und wurde in Zusammenarbeit mit den Jugendlichen hergerichtet. Seit der Er\u00f6ffnung des Jugendtreffs am 14. Juni 2010 wird dieser gut besucht \u2013 durchschnittlich kommen 8 bis 10 Jugendliche in den \u201eTreffer\u201c.<\/p>\n<p>Seit 2014 hat der Jugendtreff eine eigene Homepage:<br \/>\n<a href=\"https:\/\/jugendtreff-lindern.jimdofree.com\/\">https:\/\/jugendtreff-lindern.jimdofree.com\/<\/a><\/p>\n<p>Besch\u00e4ftigungsm\u00f6glichkeiten im Jugendtreff: gem\u00fctliche Sitzecken, Musikanlage, Bastel- und Gestaltungsm\u00f6glichkeiten, PS5 und PS3, verschiedene Gesellschaftsspiele, Billardtisch, Wii Spiele Konsole, K\u00fcchenzeile f\u00fcr gemeinsames Kochen und Backen, TV in beiden R\u00e4umen, mehrere Tische f\u00fcr gemeinschaftliche Aktivit\u00e4ten.<\/p>\n<p>Allgemeine Informationen:<\/p>\n<p>\u00d6ffnungszeiten:<br \/>\nDi: 16:00-18:30 Uhr<br \/>\nMi: 16:00-18:30Uhr<br \/>\nDo: 16:00-18:00 Uhr<\/p>\n<p>Weitere Informationen unter: <a href=\"https:\/\/jugendtreff-lindern.jimdofree.com\/\">https:\/\/jugendtreff-lindern.jimdofree.com\/<\/a><\/p>\n<p>oder Instagram: <a href=\"https:\/\/www.instagram.com\/jugendtreff_lindern\/?hl=de\">jugendtreff_lindern<\/a><\/p>\n","protected":false},"excerpt":{"rendered":"<p>Jugendtreff \u201eTreffer\u201c Der Jugendtreff der Gemeinde Lindern geh\u00f6rt au\u00dferdem zum Aufgabengebiet der Sozialp\u00e4dagogin Denise Hahnheiser. Der Jugendtreff \u201eTreffer\u201c wird von ihr geleitet. Seit der Er\u00f6ffnung im Juni 2010 haben schon so manche Frau Hahnheiser unterst\u00fctzt. So geh\u00f6rt seit Oktober 2021 &hellip; <a href=\"https:\/\/www.schulelindern.de\/?page_id=303\">Weiterlesen <span class=\"meta-nav\">&rarr;<\/span><\/a><\/p>\n","protected":false},"author":1,"featured_media":0,"parent":0,"menu_order":0,"comment_status":"closed","ping_status":"closed","template":"","meta":{"footnotes":""},"class_list":["post-303","page","type-page","status-publish","hentry"],"_links":{"self":[{"href":"https:\/\/www.schulelindern.de\/index.php?rest_route=\/wp\/v2\/pages\/303","targetHints":{"allow":["GET"]}}],"collection":[{"href":"https:\/\/www.schulelindern.de\/index.php?rest_route=\/wp\/v2\/pages"}],"about":[{"href":"https:\/\/www.schulelindern.de\/index.php?rest_route=\/wp\/v2\/types\/page"}],"author":[{"embeddable":true,"href":"https:\/\/www.schulelindern.de\/index.php?rest_route=\/wp\/v2\/users\/1"}],"replies":[{"embeddable":true,"href":"https:\/\/www.schulelindern.de\/index.php?rest_route=%2Fwp%2Fv2%2Fcomments&post=303"}],"version-history":[{"count":10,"href":"https:\/\/www.schulelindern.de\/index.php?rest_route=\/wp\/v2\/pages\/303\/revisions"}],"predecessor-version":[{"id":2425226,"href":"https:\/\/www.schulelindern.de\/index.php?rest_route=\/wp\/v2\/pages\/303\/revisions\/2425226"}],"wp:attachment":[{"href":"https:\/\/www.schulelindern.de\/index.php?rest_route=%2Fwp%2Fv2%2Fmedia&parent=303"}],"curies":[{"name":"wp","href":"https:\/\/api.w.org\/{rel}","templated":true}]}}