{"id":2425703,"date":"2025-05-12T10:43:22","date_gmt":"2025-05-12T08:43:22","guid":{"rendered":"https:\/\/www.schulelindern.de\/?page_id=2425703"},"modified":"2025-05-12T10:53:51","modified_gmt":"2025-05-12T08:53:51","slug":"kunst-an-der-gobs-lindern","status":"publish","type":"page","link":"https:\/\/www.schulelindern.de\/?page_id=2425703","title":{"rendered":"Kunst an der GOBS Lindern"},"content":{"rendered":"\n<h1 class=\"wp-block-heading\"><\/h1>\n\n\n\n<p>Die GOBS Lindern legt gro\u00dfen Wert auf kreative Ausdrucksformen. Unsere Sch\u00fclerinnen und Sch\u00fcler setzen sich in verschiedenen Kunstprojekten mit aktuellen Themen, Farben und Formen auseinander.<\/p>\n\n\n\n<h2 class=\"wp-block-heading\">Aktuelles Projekt: Bunte Vielfalt auf dem Schulhof<\/h2>\n\n\n\n<p>Das derzeitige Kunstprojekt mutet verspielt an, f\u00fchrt Farben auf den Schulhof und verkn\u00fcpft Au\u00dfen- und Innenbereich zu einer farbenfrohen Ausstellung.<\/p>\n\n\n\n<figure class=\"wp-block-image size-large\"><img loading=\"lazy\" decoding=\"async\" width=\"450\" height=\"600\" src=\"https:\/\/www.schulelindern.de\/wp-content\/uploads\/2025\/05\/20250507_100646-450x600.jpg\" alt=\"\" class=\"wp-image-2425695\" srcset=\"https:\/\/www.schulelindern.de\/wp-content\/uploads\/2025\/05\/20250507_100646-450x600.jpg 450w, https:\/\/www.schulelindern.de\/wp-content\/uploads\/2025\/05\/20250507_100646-225x300.jpg 225w, https:\/\/www.schulelindern.de\/wp-content\/uploads\/2025\/05\/20250507_100646-768x1024.jpg 768w, https:\/\/www.schulelindern.de\/wp-content\/uploads\/2025\/05\/20250507_100646-1152x1536.jpg 1152w, https:\/\/www.schulelindern.de\/wp-content\/uploads\/2025\/05\/20250507_100646-1536x2048.jpg 1536w, https:\/\/www.schulelindern.de\/wp-content\/uploads\/2025\/05\/20250507_100646-scaled.jpg 1920w\" sizes=\"auto, (max-width: 450px) 100vw, 450px\" \/><\/figure>\n\n\n\n<p><a href=\"https:\/\/www.schulelindern.de\/?p=2425694\" target=\"_blank\">Zum Artikel auf der Startseite<\/a><\/p>\n\n\n\n<h3 class=\"wp-block-heading\">Eindr\u00fccke:<\/h3>\n\n\n\n<figure class=\"wp-block-image size-large\"><img loading=\"lazy\" decoding=\"async\" width=\"500\" height=\"375\" src=\"https:\/\/www.schulelindern.de\/wp-content\/uploads\/2025\/05\/WhatsApp-Image-2025-05-09-at-17.22.53-1-1-500x375.jpeg\" alt=\"\" class=\"wp-image-2425729\" srcset=\"https:\/\/www.schulelindern.de\/wp-content\/uploads\/2025\/05\/WhatsApp-Image-2025-05-09-at-17.22.53-1-1-500x375.jpeg 500w, https:\/\/www.schulelindern.de\/wp-content\/uploads\/2025\/05\/WhatsApp-Image-2025-05-09-at-17.22.53-1-1-300x225.jpeg 300w, https:\/\/www.schulelindern.de\/wp-content\/uploads\/2025\/05\/WhatsApp-Image-2025-05-09-at-17.22.53-1-1-768x576.jpeg 768w, https:\/\/www.schulelindern.de\/wp-content\/uploads\/2025\/05\/WhatsApp-Image-2025-05-09-at-17.22.53-1-1-1536x1152.jpeg 1536w, https:\/\/www.schulelindern.de\/wp-content\/uploads\/2025\/05\/WhatsApp-Image-2025-05-09-at-17.22.53-1-1-400x300.jpeg 400w, https:\/\/www.schulelindern.de\/wp-content\/uploads\/2025\/05\/WhatsApp-Image-2025-05-09-at-17.22.53-1-1.jpeg 2048w\" sizes=\"auto, (max-width: 500px) 100vw, 500px\" \/><\/figure>\n\n\n\n<p>Wandgestaltung mit Masken, Draht und Symbolen<\/p>\n\n\n\n<figure class=\"wp-block-image size-large\"><img loading=\"lazy\" decoding=\"async\" width=\"500\" height=\"375\" src=\"https:\/\/www.schulelindern.de\/wp-content\/uploads\/2025\/05\/WhatsApp-Image-2025-05-09-at-17.22.58-500x375.jpeg\" alt=\"\" class=\"wp-image-2425720\" srcset=\"https:\/\/www.schulelindern.de\/wp-content\/uploads\/2025\/05\/WhatsApp-Image-2025-05-09-at-17.22.58-500x375.jpeg 500w, https:\/\/www.schulelindern.de\/wp-content\/uploads\/2025\/05\/WhatsApp-Image-2025-05-09-at-17.22.58-300x225.jpeg 300w, https:\/\/www.schulelindern.de\/wp-content\/uploads\/2025\/05\/WhatsApp-Image-2025-05-09-at-17.22.58-768x576.jpeg 768w, https:\/\/www.schulelindern.de\/wp-content\/uploads\/2025\/05\/WhatsApp-Image-2025-05-09-at-17.22.58-1536x1152.jpeg 1536w, https:\/\/www.schulelindern.de\/wp-content\/uploads\/2025\/05\/WhatsApp-Image-2025-05-09-at-17.22.58-400x300.jpeg 400w, https:\/\/www.schulelindern.de\/wp-content\/uploads\/2025\/05\/WhatsApp-Image-2025-05-09-at-17.22.58.jpeg 2048w\" sizes=\"auto, (max-width: 500px) 100vw, 500px\" \/><\/figure>\n\n\n\n<ul class=\"wp-block-list\">\n<li>Unsere Botschaft: \u201eHerzen gegen Hass und Hetze\u201c<\/li>\n<\/ul>\n\n\n\n<figure class=\"wp-block-image size-large\"><img loading=\"lazy\" decoding=\"async\" width=\"500\" height=\"255\" src=\"https:\/\/www.schulelindern.de\/wp-content\/uploads\/2025\/05\/WhatsApp-Image-2025-05-09-at-17.23.00-1-1-500x255.jpeg\" alt=\"\" class=\"wp-image-2425730\" srcset=\"https:\/\/www.schulelindern.de\/wp-content\/uploads\/2025\/05\/WhatsApp-Image-2025-05-09-at-17.23.00-1-1-500x255.jpeg 500w, https:\/\/www.schulelindern.de\/wp-content\/uploads\/2025\/05\/WhatsApp-Image-2025-05-09-at-17.23.00-1-1-300x153.jpeg 300w, https:\/\/www.schulelindern.de\/wp-content\/uploads\/2025\/05\/WhatsApp-Image-2025-05-09-at-17.23.00-1-1-768x392.jpeg 768w, https:\/\/www.schulelindern.de\/wp-content\/uploads\/2025\/05\/WhatsApp-Image-2025-05-09-at-17.23.00-1-1-1536x785.jpeg 1536w, https:\/\/www.schulelindern.de\/wp-content\/uploads\/2025\/05\/WhatsApp-Image-2025-05-09-at-17.23.00-1-1.jpeg 2048w\" sizes=\"auto, (max-width: 500px) 100vw, 500px\" \/><\/figure>\n\n\n\n<ul class=\"wp-block-list\">\n<li>Eine farbenfrohe Anti-Vandalismus-Warnung<\/li>\n<\/ul>\n\n\n\n<figure class=\"wp-block-image size-large\"><img loading=\"lazy\" decoding=\"async\" width=\"500\" height=\"375\" src=\"https:\/\/www.schulelindern.de\/wp-content\/uploads\/2025\/05\/WhatsApp-Image-2025-05-09-at-17.23.00-2-500x375.jpeg\" alt=\"\" class=\"wp-image-2425731\" srcset=\"https:\/\/www.schulelindern.de\/wp-content\/uploads\/2025\/05\/WhatsApp-Image-2025-05-09-at-17.23.00-2-500x375.jpeg 500w, https:\/\/www.schulelindern.de\/wp-content\/uploads\/2025\/05\/WhatsApp-Image-2025-05-09-at-17.23.00-2-300x225.jpeg 300w, https:\/\/www.schulelindern.de\/wp-content\/uploads\/2025\/05\/WhatsApp-Image-2025-05-09-at-17.23.00-2-768x576.jpeg 768w, https:\/\/www.schulelindern.de\/wp-content\/uploads\/2025\/05\/WhatsApp-Image-2025-05-09-at-17.23.00-2-1536x1152.jpeg 1536w, https:\/\/www.schulelindern.de\/wp-content\/uploads\/2025\/05\/WhatsApp-Image-2025-05-09-at-17.23.00-2-400x300.jpeg 400w, https:\/\/www.schulelindern.de\/wp-content\/uploads\/2025\/05\/WhatsApp-Image-2025-05-09-at-17.23.00-2.jpeg 2048w\" sizes=\"auto, (max-width: 500px) 100vw, 500px\" \/><\/figure>\n\n\n\n<ul class=\"wp-block-list\">\n<li>Bunt gestaltete Sitzgelegenheiten auf dem Schulhof<\/li>\n<\/ul>\n\n\n\n<figure class=\"wp-block-image size-large\"><img loading=\"lazy\" decoding=\"async\" width=\"500\" height=\"521\" src=\"https:\/\/www.schulelindern.de\/wp-content\/uploads\/2025\/05\/WhatsApp-Image-2025-05-09-at-17.23.02-2-500x521.jpeg\" alt=\"\" class=\"wp-image-2425732\" srcset=\"https:\/\/www.schulelindern.de\/wp-content\/uploads\/2025\/05\/WhatsApp-Image-2025-05-09-at-17.23.02-2-500x521.jpeg 500w, https:\/\/www.schulelindern.de\/wp-content\/uploads\/2025\/05\/WhatsApp-Image-2025-05-09-at-17.23.02-2-288x300.jpeg 288w, https:\/\/www.schulelindern.de\/wp-content\/uploads\/2025\/05\/WhatsApp-Image-2025-05-09-at-17.23.02-2-768x801.jpeg 768w, https:\/\/www.schulelindern.de\/wp-content\/uploads\/2025\/05\/WhatsApp-Image-2025-05-09-at-17.23.02-2-1473x1536.jpeg 1473w, https:\/\/www.schulelindern.de\/wp-content\/uploads\/2025\/05\/WhatsApp-Image-2025-05-09-at-17.23.02-2.jpeg 1964w\" sizes=\"auto, (max-width: 500px) 100vw, 500px\" \/><\/figure>\n\n\n\n<ul class=\"wp-block-list\">\n<li>Humorvoll und modern interpretierte Figuren mit Anzug und Zylinder<\/li>\n<\/ul>\n\n\n\n<h2 class=\"wp-block-heading\">Weitere Projekte<\/h2>\n\n\n\n<h3 class=\"wp-block-heading\">Kunstprojekt: \u201eGesichter der Vielfalt\u201c<\/h3>\n\n\n\n<figure class=\"wp-block-gallery has-nested-images columns-default is-cropped wp-block-gallery-1 is-layout-flex wp-block-gallery-is-layout-flex\">\n<figure class=\"wp-block-image size-large\"><img loading=\"lazy\" decoding=\"async\" width=\"450\" height=\"600\" data-id=\"2425734\" src=\"https:\/\/www.schulelindern.de\/wp-content\/uploads\/2025\/05\/WhatsApp-Image-2025-05-09-at-17.22.55-1-1-450x600.jpeg\" alt=\"\" class=\"wp-image-2425734\" srcset=\"https:\/\/www.schulelindern.de\/wp-content\/uploads\/2025\/05\/WhatsApp-Image-2025-05-09-at-17.22.55-1-1-450x600.jpeg 450w, https:\/\/www.schulelindern.de\/wp-content\/uploads\/2025\/05\/WhatsApp-Image-2025-05-09-at-17.22.55-1-1-225x300.jpeg 225w, https:\/\/www.schulelindern.de\/wp-content\/uploads\/2025\/05\/WhatsApp-Image-2025-05-09-at-17.22.55-1-1-768x1024.jpeg 768w, https:\/\/www.schulelindern.de\/wp-content\/uploads\/2025\/05\/WhatsApp-Image-2025-05-09-at-17.22.55-1-1-1152x1536.jpeg 1152w, https:\/\/www.schulelindern.de\/wp-content\/uploads\/2025\/05\/WhatsApp-Image-2025-05-09-at-17.22.55-1-1.jpeg 1536w\" sizes=\"auto, (max-width: 450px) 100vw, 450px\" \/><\/figure>\n\n\n\n<figure class=\"wp-block-image size-large\"><img loading=\"lazy\" decoding=\"async\" width=\"450\" height=\"600\" data-id=\"2425735\" src=\"https:\/\/www.schulelindern.de\/wp-content\/uploads\/2025\/05\/WhatsApp-Image-2025-05-09-at-17.22.56-1-1-450x600.jpeg\" alt=\"\" class=\"wp-image-2425735\" srcset=\"https:\/\/www.schulelindern.de\/wp-content\/uploads\/2025\/05\/WhatsApp-Image-2025-05-09-at-17.22.56-1-1-450x600.jpeg 450w, https:\/\/www.schulelindern.de\/wp-content\/uploads\/2025\/05\/WhatsApp-Image-2025-05-09-at-17.22.56-1-1-225x300.jpeg 225w, https:\/\/www.schulelindern.de\/wp-content\/uploads\/2025\/05\/WhatsApp-Image-2025-05-09-at-17.22.56-1-1-768x1024.jpeg 768w, https:\/\/www.schulelindern.de\/wp-content\/uploads\/2025\/05\/WhatsApp-Image-2025-05-09-at-17.22.56-1-1-1152x1536.jpeg 1152w, https:\/\/www.schulelindern.de\/wp-content\/uploads\/2025\/05\/WhatsApp-Image-2025-05-09-at-17.22.56-1-1.jpeg 1536w\" sizes=\"auto, (max-width: 450px) 100vw, 450px\" \/><\/figure>\n\n\n\n<figure class=\"wp-block-image size-large\"><img loading=\"lazy\" decoding=\"async\" width=\"450\" height=\"600\" data-id=\"2425736\" src=\"https:\/\/www.schulelindern.de\/wp-content\/uploads\/2025\/05\/WhatsApp-Image-2025-05-09-at-17.22.56-2-450x600.jpeg\" alt=\"\" class=\"wp-image-2425736\" srcset=\"https:\/\/www.schulelindern.de\/wp-content\/uploads\/2025\/05\/WhatsApp-Image-2025-05-09-at-17.22.56-2-450x600.jpeg 450w, https:\/\/www.schulelindern.de\/wp-content\/uploads\/2025\/05\/WhatsApp-Image-2025-05-09-at-17.22.56-2-225x300.jpeg 225w, https:\/\/www.schulelindern.de\/wp-content\/uploads\/2025\/05\/WhatsApp-Image-2025-05-09-at-17.22.56-2-768x1024.jpeg 768w, https:\/\/www.schulelindern.de\/wp-content\/uploads\/2025\/05\/WhatsApp-Image-2025-05-09-at-17.22.56-2-1152x1536.jpeg 1152w, https:\/\/www.schulelindern.de\/wp-content\/uploads\/2025\/05\/WhatsApp-Image-2025-05-09-at-17.22.56-2.jpeg 1536w\" sizes=\"auto, (max-width: 450px) 100vw, 450px\" \/><\/figure>\n\n\n\n<figure class=\"wp-block-image size-large\"><img loading=\"lazy\" decoding=\"async\" width=\"450\" height=\"600\" data-id=\"2425733\" src=\"https:\/\/www.schulelindern.de\/wp-content\/uploads\/2025\/05\/WhatsApp-Image-2025-05-09-at-17.22.57-2-450x600.jpeg\" alt=\"\" class=\"wp-image-2425733\" srcset=\"https:\/\/www.schulelindern.de\/wp-content\/uploads\/2025\/05\/WhatsApp-Image-2025-05-09-at-17.22.57-2-450x600.jpeg 450w, https:\/\/www.schulelindern.de\/wp-content\/uploads\/2025\/05\/WhatsApp-Image-2025-05-09-at-17.22.57-2-225x300.jpeg 225w, https:\/\/www.schulelindern.de\/wp-content\/uploads\/2025\/05\/WhatsApp-Image-2025-05-09-at-17.22.57-2-768x1024.jpeg 768w, https:\/\/www.schulelindern.de\/wp-content\/uploads\/2025\/05\/WhatsApp-Image-2025-05-09-at-17.22.57-2-1152x1536.jpeg 1152w, https:\/\/www.schulelindern.de\/wp-content\/uploads\/2025\/05\/WhatsApp-Image-2025-05-09-at-17.22.57-2.jpeg 1536w\" sizes=\"auto, (max-width: 450px) 100vw, 450px\" \/><\/figure>\n<\/figure>\n\n\n\n<p>Im Schuljahr 2023\/2024 gestalteten unsere Sch\u00fclerinnen und Sch\u00fcler individuelle Masken und Wandbilder zum Thema Identit\u00e4t und Diversit\u00e4t. Die Werke zieren den Eingangsbereich unserer Schule.<\/p>\n","protected":false},"excerpt":{"rendered":"<p>Die GOBS Lindern legt gro\u00dfen Wert auf kreative Ausdrucksformen. Unsere Sch\u00fclerinnen und Sch\u00fcler setzen sich in verschiedenen Kunstprojekten mit aktuellen Themen, Farben und Formen auseinander. Aktuelles Projekt: Bunte Vielfalt auf dem Schulhof Das derzeitige Kunstprojekt mutet verspielt an, f\u00fchrt Farben &hellip; <a href=\"https:\/\/www.schulelindern.de\/?page_id=2425703\">Weiterlesen <span class=\"meta-nav\">&rarr;<\/span><\/a><\/p>\n","protected":false},"author":1002,"featured_media":2425710,"parent":0,"menu_order":0,"comment_status":"closed","ping_status":"closed","template":"","meta":{"footnotes":""},"class_list":["post-2425703","page","type-page","status-publish","has-post-thumbnail","hentry"],"_links":{"self":[{"href":"https:\/\/www.schulelindern.de\/index.php?rest_route=\/wp\/v2\/pages\/2425703","targetHints":{"allow":["GET"]}}],"collection":[{"href":"https:\/\/www.schulelindern.de\/index.php?rest_route=\/wp\/v2\/pages"}],"about":[{"href":"https:\/\/www.schulelindern.de\/index.php?rest_route=\/wp\/v2\/types\/page"}],"author":[{"embeddable":true,"href":"https:\/\/www.schulelindern.de\/index.php?rest_route=\/wp\/v2\/users\/1002"}],"replies":[{"embeddable":true,"href":"https:\/\/www.schulelindern.de\/index.php?rest_route=%2Fwp%2Fv2%2Fcomments&post=2425703"}],"version-history":[{"count":2,"href":"https:\/\/www.schulelindern.de\/index.php?rest_route=\/wp\/v2\/pages\/2425703\/revisions"}],"predecessor-version":[{"id":2425737,"href":"https:\/\/www.schulelindern.de\/index.php?rest_route=\/wp\/v2\/pages\/2425703\/revisions\/2425737"}],"wp:featuredmedia":[{"embeddable":true,"href":"https:\/\/www.schulelindern.de\/index.php?rest_route=\/wp\/v2\/media\/2425710"}],"wp:attachment":[{"href":"https:\/\/www.schulelindern.de\/index.php?rest_route=%2Fwp%2Fv2%2Fmedia&parent=2425703"}],"curies":[{"name":"wp","href":"https:\/\/api.w.org\/{rel}","templated":true}]}}