{"id":2424952,"date":"2024-01-20T21:03:44","date_gmt":"2024-01-20T20:03:44","guid":{"rendered":"https:\/\/www.schulelindern.de\/?page_id=2424952"},"modified":"2024-01-20T21:07:24","modified_gmt":"2024-01-20T20:07:24","slug":"e-mail-adressen-des-schulpersonals-kontaktieren-sie-unser-team","status":"publish","type":"page","link":"https:\/\/www.schulelindern.de\/?page_id=2424952","title":{"rendered":"E-Mail-Adressen des Schulpersonals"},"content":{"rendered":"\n<p><strong>Kontaktieren Sie Unser Team<\/strong>:<\/p>\n\n\n\n<p>F\u00fcr eine direkte Kommunikation mit unserem gesamten Schulpersonal \u2013 einschlie\u00dflich Lehrerinnen und Lehrern, p\u00e4dagogischen Mitarbeiterinnen und Mitarbeitern, unserer Sozialp\u00e4dagogin sowie der Schulleitung \u2013 finden Sie <a href=\"https:\/\/www.schulelindern.de\/wp-content\/uploads\/2024\/01\/Mail-Adressen-alle.xlsx\">hier eine vollst\u00e4ndige Liste ihrer E-Mail-Adressen<\/a>.<\/p>\n\n\n\n<p><\/p>\n\n\n\n<p><\/p>\n","protected":false},"excerpt":{"rendered":"<p>Kontaktieren Sie Unser Team: F\u00fcr eine direkte Kommunikation mit unserem gesamten Schulpersonal \u2013 einschlie\u00dflich Lehrerinnen und Lehrern, p\u00e4dagogischen Mitarbeiterinnen und Mitarbeitern, unserer Sozialp\u00e4dagogin sowie der Schulleitung \u2013 finden Sie hier eine vollst\u00e4ndige Liste ihrer E-Mail-Adressen.<\/p>\n","protected":false},"author":1002,"featured_media":0,"parent":0,"menu_order":0,"comment_status":"closed","ping_status":"closed","template":"","meta":{"footnotes":""},"class_list":["post-2424952","page","type-page","status-publish","hentry"],"_links":{"self":[{"href":"https:\/\/www.schulelindern.de\/index.php?rest_route=\/wp\/v2\/pages\/2424952","targetHints":{"allow":["GET"]}}],"collection":[{"href":"https:\/\/www.schulelindern.de\/index.php?rest_route=\/wp\/v2\/pages"}],"about":[{"href":"https:\/\/www.schulelindern.de\/index.php?rest_route=\/wp\/v2\/types\/page"}],"author":[{"embeddable":true,"href":"https:\/\/www.schulelindern.de\/index.php?rest_route=\/wp\/v2\/users\/1002"}],"replies":[{"embeddable":true,"href":"https:\/\/www.schulelindern.de\/index.php?rest_route=%2Fwp%2Fv2%2Fcomments&post=2424952"}],"version-history":[{"count":2,"href":"https:\/\/www.schulelindern.de\/index.php?rest_route=\/wp\/v2\/pages\/2424952\/revisions"}],"predecessor-version":[{"id":2424956,"href":"https:\/\/www.schulelindern.de\/index.php?rest_route=\/wp\/v2\/pages\/2424952\/revisions\/2424956"}],"wp:attachment":[{"href":"https:\/\/www.schulelindern.de\/index.php?rest_route=%2Fwp%2Fv2%2Fmedia&parent=2424952"}],"curies":[{"name":"wp","href":"https:\/\/api.w.org\/{rel}","templated":true}]}}