{"id":2424001,"date":"2021-11-10T11:51:01","date_gmt":"2021-11-10T10:51:01","guid":{"rendered":"https:\/\/www.schulelindern.de\/?page_id=2424001"},"modified":"2023-10-12T07:47:21","modified_gmt":"2023-10-12T05:47:21","slug":"erasmus","status":"publish","type":"page","link":"https:\/\/www.schulelindern.de\/?page_id=2424001","title":{"rendered":"Erasmus"},"content":{"rendered":"\n<p><strong>Unser Erasmus-Projekt<\/strong><\/p>\n\n\n\n<p>Die Sch\u00fclerinnen und Sch\u00fcler der 7. und 8. Klassen arbeiten gerade sehr flei\u00dfig an einem Erasmus-Projekt mit dem Titel \u201eClear Mind, Fit Body, Happy Life\u201c. An diesem Projekt sind mehrere Schulen aus verschiedenen L\u00e4ndern beteiligt. Unsere Partnerschulen sind in Portugal, Spanien Rum\u00e4nien, Lettland und Italien. F\u00fcr unser Projekt haben alle Sch\u00fclerinnen und Sch\u00fcler unserer Schule und der Partnerschulen eigene Logos entworfen. Am Ende des Monats w\u00e4hlen wir aus allen Logos das sch\u00f6nste Logo aus, das dann das offizielle Logo f\u00fcr unser Projekt wird. Im Moment sind wir damit besch\u00e4ftigt, ein Video zu drehen, in dem wir unsere Gemeinde und unsere Schule vorstellen. Die anderen Schulen machen das auch. In den Videos sprechen wir Englisch.  <\/p>\n\n\n\n<p>Das Ziel des Erasmus-Projekts ist, Kontakte und Freundschaften mit Kindern aus ganz Europa zu kn\u00fcpfen. Dazu werden wir uns auch gegenseitig in kleinen Gruppen besuchen. Es werden jeweils Gruppen von 5-7 Sch\u00fclern sowie 2 Lehrer in die verschiedenen L\u00e4nder reisen. Dort nehmen wir dann an verschiedenen Aktivit\u00e4ten teil, die uns zeigen sollen, wie man ein gesundes und gl\u00fcckliches Leben f\u00fchren kann. <\/p>\n\n\n\n<p> <em>Verfasst durch eine Sch\u00fclerin der GOBS Lindern<\/em> <\/p>\n\n\n\n<figure class=\"wp-block-gallery has-nested-images columns-default is-cropped wp-block-gallery-1 is-layout-flex wp-block-gallery-is-layout-flex\">\n<figure class=\"wp-block-image size-large\"><img loading=\"lazy\" decoding=\"async\" width=\"500\" height=\"375\" data-id=\"2424009\" src=\"https:\/\/www.schulelindern.de\/wp-content\/uploads\/2021\/11\/2020-11-10-12.29.25-500x375-1.jpg\" alt=\"\" class=\"wp-image-2424009\" srcset=\"https:\/\/www.schulelindern.de\/wp-content\/uploads\/2021\/11\/2020-11-10-12.29.25-500x375-1.jpg 500w, https:\/\/www.schulelindern.de\/wp-content\/uploads\/2021\/11\/2020-11-10-12.29.25-500x375-1-300x225.jpg 300w, https:\/\/www.schulelindern.de\/wp-content\/uploads\/2021\/11\/2020-11-10-12.29.25-500x375-1-400x300.jpg 400w\" sizes=\"auto, (max-width: 500px) 100vw, 500px\" \/><\/figure>\n\n\n\n<figure class=\"wp-block-image size-large\"><img loading=\"lazy\" decoding=\"async\" width=\"500\" height=\"375\" data-id=\"2424010\" src=\"https:\/\/www.schulelindern.de\/wp-content\/uploads\/2021\/11\/2020-11-19-08.42.24-500x375-1.jpg\" alt=\"\" class=\"wp-image-2424010\" srcset=\"https:\/\/www.schulelindern.de\/wp-content\/uploads\/2021\/11\/2020-11-19-08.42.24-500x375-1.jpg 500w, https:\/\/www.schulelindern.de\/wp-content\/uploads\/2021\/11\/2020-11-19-08.42.24-500x375-1-300x225.jpg 300w, https:\/\/www.schulelindern.de\/wp-content\/uploads\/2021\/11\/2020-11-19-08.42.24-500x375-1-400x300.jpg 400w\" sizes=\"auto, (max-width: 500px) 100vw, 500px\" \/><\/figure>\n\n\n\n<figure class=\"wp-block-image size-large\"><img loading=\"lazy\" decoding=\"async\" width=\"500\" height=\"375\" data-id=\"2424011\" src=\"https:\/\/www.schulelindern.de\/wp-content\/uploads\/2021\/11\/2020-11-19-08.42.43-500x375-1.jpg\" alt=\"\" class=\"wp-image-2424011\" srcset=\"https:\/\/www.schulelindern.de\/wp-content\/uploads\/2021\/11\/2020-11-19-08.42.43-500x375-1.jpg 500w, https:\/\/www.schulelindern.de\/wp-content\/uploads\/2021\/11\/2020-11-19-08.42.43-500x375-1-300x225.jpg 300w, https:\/\/www.schulelindern.de\/wp-content\/uploads\/2021\/11\/2020-11-19-08.42.43-500x375-1-400x300.jpg 400w\" sizes=\"auto, (max-width: 500px) 100vw, 500px\" \/><\/figure>\n\n\n\n<figure class=\"wp-block-image size-large\"><img loading=\"lazy\" decoding=\"async\" width=\"400\" height=\"300\" data-id=\"2424012\" src=\"https:\/\/www.schulelindern.de\/wp-content\/uploads\/2021\/11\/Bild-1.png\" alt=\"\" class=\"wp-image-2424012\" srcset=\"https:\/\/www.schulelindern.de\/wp-content\/uploads\/2021\/11\/Bild-1.png 400w, https:\/\/www.schulelindern.de\/wp-content\/uploads\/2021\/11\/Bild-1-300x225.png 300w\" sizes=\"auto, (max-width: 400px) 100vw, 400px\" \/><\/figure>\n<\/figure>\n\n\n\n<p><\/p>\n\n\n\n<p><\/p>\n\n\n\n<p class=\"has-large-font-size\"><strong>Pressemitteilungen<\/strong><\/p>\n\n\n\n<div data-wp-interactive=\"core\/file\" class=\"wp-block-file\"><object data-wp-bind--hidden=\"!state.hasPdfPreview\" hidden class=\"wp-block-file__embed\" data=\"https:\/\/www.schulelindern.de\/wp-content\/uploads\/2021\/11\/A17-21-10-08-mt-20-20-4c-hp.pdf\" type=\"application\/pdf\" style=\"width:100%;height:600px\" aria-label=\"Einbettung von A17-21-10-08-mt-20-20-4c-hp.\"><\/object><a id=\"wp-block-file--media-e2129224-f691-4bb4-a767-a59b2d0ed9ae\" href=\"https:\/\/www.schulelindern.de\/wp-content\/uploads\/2021\/11\/A17-21-10-08-mt-20-20-4c-hp.pdf\">A17-21-10-08-mt-20-20-4c-hp<\/a><a href=\"https:\/\/www.schulelindern.de\/wp-content\/uploads\/2021\/11\/A17-21-10-08-mt-20-20-4c-hp.pdf\" class=\"wp-block-file__button wp-element-button\" download aria-describedby=\"wp-block-file--media-e2129224-f691-4bb4-a767-a59b2d0ed9ae\">Herunterladen<\/a><\/div>\n\n\n\n<p class=\"has-large-font-size\"><strong>Unsere Partner<\/strong><\/p>\n\n\n\n<figure class=\"wp-block-image size-large\"><img loading=\"lazy\" decoding=\"async\" width=\"500\" height=\"375\" src=\"https:\/\/www.schulelindern.de\/wp-content\/uploads\/2021\/11\/Projekt-Kollegen-Italien-500x375.jpeg\" alt=\"\" class=\"wp-image-2424018\" srcset=\"https:\/\/www.schulelindern.de\/wp-content\/uploads\/2021\/11\/Projekt-Kollegen-Italien-500x375.jpeg 500w, https:\/\/www.schulelindern.de\/wp-content\/uploads\/2021\/11\/Projekt-Kollegen-Italien-300x225.jpeg 300w, https:\/\/www.schulelindern.de\/wp-content\/uploads\/2021\/11\/Projekt-Kollegen-Italien-768x576.jpeg 768w, https:\/\/www.schulelindern.de\/wp-content\/uploads\/2021\/11\/Projekt-Kollegen-Italien-1536x1152.jpeg 1536w, https:\/\/www.schulelindern.de\/wp-content\/uploads\/2021\/11\/Projekt-Kollegen-Italien-400x300.jpeg 400w, https:\/\/www.schulelindern.de\/wp-content\/uploads\/2021\/11\/Projekt-Kollegen-Italien.jpeg 2048w\" sizes=\"auto, (max-width: 500px) 100vw, 500px\" \/><figcaption class=\"wp-element-caption\">&#8222;Erasmus-Wall&#8220; unserer italienischen Partner<\/figcaption><\/figure>\n\n\n\n<p class=\"has-large-font-size\"><strong><strong>Mobilities<\/strong><\/strong><\/p>\n\n\n\n<p class=\"has-medium-font-size\"><strong>Bukarest, Rum\u00e4nien (21.-25. November 2022)<\/strong><\/p>\n\n\n\n<p><strong>Auftritt im rum\u00e4nischen Fernsehen<\/strong><\/p>\n\n\n\n<p>Vom 20. bis zum 25. November haben 5 Sch\u00fcler sowie zwei Lehrer unserer Schule mit unseren internationalen Austauschpartnern im Rahmen des Erasmus+ Projektes &#8222;Clear Mind, Fit Body, Happy Life\u201c an einem internationalen Sch\u00fcleraustausch in Bukarest teilgenommen. Der Austausch war ein voller Erfolg und wir waren sogar im <a href=\"https:\/\/www.youtube.com\/watch?v=dJwRuzS1y3Y\">rum\u00e4nischen Fernsehen <\/a>zu sehen.<\/p>\n\n\n\n<p class=\"has-medium-font-size\"><strong>Jelgava (Lettland) \/Lindern (21.-25.03.2022)<\/strong><\/p>\n\n\n\n<p><strong>Eine Woche im Zeichen der Nachhaltigkeit<\/strong><\/p>\n\n\n\n<p>Im Rahmen des Erasmus plus Projektes haben sich unsere Partnerschulen eine Woche lang im lettischen Jelgava zusammengefunden, um sich mit dem Thema Nachhaltigkeit und Umweltschutz auseinanderzusetzen. Aufgrund der aktuellen Corona-Regelungen konnten wir und unsere italienschien Partner leider nur online an diesem Austausch teilnehmen. Hierf\u00fcr wurde uns von der lettischen Partnerschule ein interaktives Programm zur Verf\u00fcgung gestellt, wodurch uns zumindest virtuell die Teilnahme erm\u00f6glicht wurde.<\/p>\n\n\n\n<p>Am Montag startete das Projekt mit einer gemeinsamen Begr\u00fc\u00dfung, an der wir \u00fcber eine Live-Schaltung mit den Klassen 5 bis 7 teilnehmen konnten.<\/p>\n\n\n\n<p>Der Dienstagnachmittag wurde von den 8. Klassen genutzt, um Plastikflaschen ein zweites Leben zu verleihen. Die Sch\u00fclerinnen und Sch\u00fcler aus allen sechs Partnerschulen erstellten vor Ort in Lettland und digital zugeschaltet aus der Ferne kleine Kunstwerke aus Plastikflaschen.<\/p>\n\n\n\n<p>Am Mittwoch hatten die Klassen 7 und 8 die M\u00f6glichkeit, sich in Kleingruppen mit ihren italienischen Partnersch\u00fclern auszutauschen und sich virtuell kennen zu lernen. Hierbei wurden viele Kontakte gekn\u00fcpft und Freundschaften angebahnt. Au\u00dferdem konnten die Kinder ihre Englisch-Kenntnisse anwenden und verbessern.<\/p>\n\n\n\n<p>Der Donnerstag stand besonders im Zeichen der Nachhaltigkeit. Unsere lettischen Partner erm\u00f6glichten unseren Sch\u00fclerinnen und Sch\u00fclern die virtuelle Teilnahme an der Besichtigung einer Abfallaufbereitungsanlage mit einem daf\u00fcr engagierten Guide.<\/p>\n\n\n\n<p>Am Freitag gestalteten alle Partnerschulen gemeinsame Plakate zu dem Motto \u201eBe Green\u201c, die zu einem bewussteren Umgang mit unserer Umwelt aufrufen. Zuvor wurden die Ergebnisse von einer bereits durchgef\u00fchrten Umfrage \u201eHow green are you?\u201c&nbsp; von den einzelnen Schulen vorgestellt, sodass auch hier noch einmal umweltbewusste Verhaltensweisen in den Vordergrund ger\u00fcckt wurden.<\/p>\n\n\n\n<p>Wir freuen uns darauf, unsere Partner beim n\u00e4chsten Austausch in Portugal live zu treffen und mit ihnen zusammenzuarbeiten.<\/p>\n\n\n\n<figure class=\"wp-block-gallery has-nested-images columns-default is-cropped wp-block-gallery-2 is-layout-flex wp-block-gallery-is-layout-flex\">\n<figure class=\"wp-block-image size-large\"><img loading=\"lazy\" decoding=\"async\" width=\"500\" height=\"375\" data-id=\"2424294\" src=\"https:\/\/www.schulelindern.de\/wp-content\/uploads\/2022\/04\/WhatsApp-Image-2022-04-01-at-11.34.19-1-500x375.jpeg\" alt=\"\" class=\"wp-image-2424294\" srcset=\"https:\/\/www.schulelindern.de\/wp-content\/uploads\/2022\/04\/WhatsApp-Image-2022-04-01-at-11.34.19-1-500x375.jpeg 500w, https:\/\/www.schulelindern.de\/wp-content\/uploads\/2022\/04\/WhatsApp-Image-2022-04-01-at-11.34.19-1-300x225.jpeg 300w, https:\/\/www.schulelindern.de\/wp-content\/uploads\/2022\/04\/WhatsApp-Image-2022-04-01-at-11.34.19-1-768x576.jpeg 768w, https:\/\/www.schulelindern.de\/wp-content\/uploads\/2022\/04\/WhatsApp-Image-2022-04-01-at-11.34.19-1-1536x1152.jpeg 1536w, https:\/\/www.schulelindern.de\/wp-content\/uploads\/2022\/04\/WhatsApp-Image-2022-04-01-at-11.34.19-1-400x300.jpeg 400w, https:\/\/www.schulelindern.de\/wp-content\/uploads\/2022\/04\/WhatsApp-Image-2022-04-01-at-11.34.19-1.jpeg 2048w\" sizes=\"auto, (max-width: 500px) 100vw, 500px\" \/><\/figure>\n<\/figure>\n\n\n\n<p><\/p>\n\n\n\n<p class=\"has-large-font-size\"><strong><strong>Unser Padlet<\/strong><\/strong> <\/p>\n\n\n\n<p>Im Rahmen der Zusammenarbeit zwischen unseren Partnerschulen und uns ist ein Padlet entstanden, In dem wir die Ergebnisse unseres Projektes Digital festgehalten haben.<\/p>\n\n\n\n<p> Das Padlet ist unter folgendem Link erreichbar:<\/p>\n\n\n\n<p><a href=\"https:\/\/padlet.com\/silkereiners\/lifestyle-guide-xuraq2e6x9nn1g1d\">https:\/\/padlet.com\/silkereiners\/lifestyle-guide-xuraq2e6x9nn1g1d<\/a><\/p>\n","protected":false},"excerpt":{"rendered":"<p>Unser Erasmus-Projekt Die Sch\u00fclerinnen und Sch\u00fcler der 7. und 8. Klassen arbeiten gerade sehr flei\u00dfig an einem Erasmus-Projekt mit dem Titel \u201eClear Mind, Fit Body, Happy Life\u201c. An diesem Projekt sind mehrere Schulen aus verschiedenen L\u00e4ndern beteiligt. Unsere Partnerschulen sind &hellip; <a href=\"https:\/\/www.schulelindern.de\/?page_id=2424001\">Weiterlesen <span class=\"meta-nav\">&rarr;<\/span><\/a><\/p>\n","protected":false},"author":1002,"featured_media":0,"parent":0,"menu_order":0,"comment_status":"closed","ping_status":"closed","template":"","meta":{"footnotes":""},"class_list":["post-2424001","page","type-page","status-publish","hentry"],"_links":{"self":[{"href":"https:\/\/www.schulelindern.de\/index.php?rest_route=\/wp\/v2\/pages\/2424001","targetHints":{"allow":["GET"]}}],"collection":[{"href":"https:\/\/www.schulelindern.de\/index.php?rest_route=\/wp\/v2\/pages"}],"about":[{"href":"https:\/\/www.schulelindern.de\/index.php?rest_route=\/wp\/v2\/types\/page"}],"author":[{"embeddable":true,"href":"https:\/\/www.schulelindern.de\/index.php?rest_route=\/wp\/v2\/users\/1002"}],"replies":[{"embeddable":true,"href":"https:\/\/www.schulelindern.de\/index.php?rest_route=%2Fwp%2Fv2%2Fcomments&post=2424001"}],"version-history":[{"count":8,"href":"https:\/\/www.schulelindern.de\/index.php?rest_route=\/wp\/v2\/pages\/2424001\/revisions"}],"predecessor-version":[{"id":2424851,"href":"https:\/\/www.schulelindern.de\/index.php?rest_route=\/wp\/v2\/pages\/2424001\/revisions\/2424851"}],"wp:attachment":[{"href":"https:\/\/www.schulelindern.de\/index.php?rest_route=%2Fwp%2Fv2%2Fmedia&parent=2424001"}],"curies":[{"name":"wp","href":"https:\/\/api.w.org\/{rel}","templated":true}]}}