{"id":2423871,"date":"2021-09-06T11:29:23","date_gmt":"2021-09-06T09:29:23","guid":{"rendered":"https:\/\/www.schulelindern.de\/?page_id=2423871"},"modified":"2024-08-23T11:36:10","modified_gmt":"2024-08-23T09:36:10","slug":"gutesiegel","status":"publish","type":"page","link":"https:\/\/www.schulelindern.de\/?page_id=2423871","title":{"rendered":"G\u00fctesiegel"},"content":{"rendered":"\n<p>Die Grund- und Oberschule Lindern zeichnet sich durch die ausgezeichnete Berufsorientierung aus und m\u00f6chte sich daher das f\u00e4cher\u00fcbergreifende, strukturierte Berufsorientierungskonzept zertifizieren lassen. Aus diesem Anlass haben wir uns f\u00fcr das G\u00fctesiegel &#8222;Startklar f\u00fcr den Beruf&#8220; beworben. Aktuell erfolgt die Pr\u00fcfung durch die Aktionsgemeinschaft &#8222;G\u00fctesiegel Weser-Ems&#8220;. <\/p>\n\n\n\n<p>Die eingereichte Dokumentation beinhaltet eine Darstellung der Gesamtsituation der Schule, eine Erl\u00e4uterung der Rahmenbedingungen der Berufsorientierung, das f\u00e4cher\u00fcbergreifende Berufsorientierungskonzept und drei besonders zu erw\u00e4hnende Ma\u00dfnahmen und Projekte aus den Kompetenzbereichen &#8222;Pers\u00f6nlichkeitskompetenz&#8220;, &#8222;Fachkompetenz&#8220; und &#8222;Berufsorientierungskompetenz&#8220;, die zertifiziert werden sollen. Weitere Informationen sind dar\u00fcber hinaus auf der Website <a rel=\"noreferrer noopener\" href=\"http:\/\/www.guetesiegel-weser-ems.net\/\" target=\"_blank\">www.guetesiegel-weser-ems.net<\/a> zu finden. Diese Dokumentation ist hier einsehbar.<\/p>\n\n\n\n<div class=\"wp-block-file\"><a id=\"wp-block-file--media-3c40205d-170b-466b-a7b4-d4f20ec2c076\" href=\"https:\/\/www.schulelindern.de\/wp-content\/uploads\/2024\/08\/Guetesiegel-2024.pdf\">G\u00fctesiegel 2024<\/a><a href=\"https:\/\/www.schulelindern.de\/wp-content\/uploads\/2024\/08\/Guetesiegel-2024.pdf\" class=\"wp-block-file__button wp-element-button\" download aria-describedby=\"wp-block-file--media-3c40205d-170b-466b-a7b4-d4f20ec2c076\">Herunterladen<\/a><\/div>\n\n\n\n<p><\/p>\n\n\n\n<p class=\"has-large-font-size\"><strong>Unsere Schule erh\u00e4lt das G\u00fctesiegel f\u00fcr den Bereich Berufsorientierung<\/strong><\/p>\n\n\n\n<figure class=\"wp-block-image size-large\"><img loading=\"lazy\" decoding=\"async\" width=\"500\" height=\"298\" src=\"https:\/\/www.schulelindern.de\/wp-content\/uploads\/2021\/12\/IMG_0212-1-500x298.jpg\" alt=\"\" class=\"wp-image-2424062\" srcset=\"https:\/\/www.schulelindern.de\/wp-content\/uploads\/2021\/12\/IMG_0212-1-500x298.jpg 500w, https:\/\/www.schulelindern.de\/wp-content\/uploads\/2021\/12\/IMG_0212-1-300x179.jpg 300w, https:\/\/www.schulelindern.de\/wp-content\/uploads\/2021\/12\/IMG_0212-1-768x458.jpg 768w, https:\/\/www.schulelindern.de\/wp-content\/uploads\/2021\/12\/IMG_0212-1.jpg 1536w\" sizes=\"auto, (max-width: 500px) 100vw, 500px\" \/><\/figure>\n\n\n\n<p><\/p>\n","protected":false},"excerpt":{"rendered":"<p>Die Grund- und Oberschule Lindern zeichnet sich durch die ausgezeichnete Berufsorientierung aus und m\u00f6chte sich daher das f\u00e4cher\u00fcbergreifende, strukturierte Berufsorientierungskonzept zertifizieren lassen. Aus diesem Anlass haben wir uns f\u00fcr das G\u00fctesiegel &#8222;Startklar f\u00fcr den Beruf&#8220; beworben. Aktuell erfolgt die Pr\u00fcfung &hellip; <a href=\"https:\/\/www.schulelindern.de\/?page_id=2423871\">Weiterlesen <span class=\"meta-nav\">&rarr;<\/span><\/a><\/p>\n","protected":false},"author":1002,"featured_media":0,"parent":0,"menu_order":0,"comment_status":"closed","ping_status":"closed","template":"","meta":{"footnotes":""},"class_list":["post-2423871","page","type-page","status-publish","hentry"],"_links":{"self":[{"href":"https:\/\/www.schulelindern.de\/index.php?rest_route=\/wp\/v2\/pages\/2423871","targetHints":{"allow":["GET"]}}],"collection":[{"href":"https:\/\/www.schulelindern.de\/index.php?rest_route=\/wp\/v2\/pages"}],"about":[{"href":"https:\/\/www.schulelindern.de\/index.php?rest_route=\/wp\/v2\/types\/page"}],"author":[{"embeddable":true,"href":"https:\/\/www.schulelindern.de\/index.php?rest_route=\/wp\/v2\/users\/1002"}],"replies":[{"embeddable":true,"href":"https:\/\/www.schulelindern.de\/index.php?rest_route=%2Fwp%2Fv2%2Fcomments&post=2423871"}],"version-history":[{"count":7,"href":"https:\/\/www.schulelindern.de\/index.php?rest_route=\/wp\/v2\/pages\/2423871\/revisions"}],"predecessor-version":[{"id":2425154,"href":"https:\/\/www.schulelindern.de\/index.php?rest_route=\/wp\/v2\/pages\/2423871\/revisions\/2425154"}],"wp:attachment":[{"href":"https:\/\/www.schulelindern.de\/index.php?rest_route=%2Fwp%2Fv2%2Fmedia&parent=2423871"}],"curies":[{"name":"wp","href":"https:\/\/api.w.org\/{rel}","templated":true}]}}