{"id":2423559,"date":"2021-02-10T10:58:43","date_gmt":"2021-02-10T09:58:43","guid":{"rendered":"https:\/\/www.schulelindern.de\/?page_id=2423559"},"modified":"2021-02-10T11:27:29","modified_gmt":"2021-02-10T10:27:29","slug":"kontakt","status":"publish","type":"page","link":"https:\/\/www.schulelindern.de\/?page_id=2423559","title":{"rendered":"Kontakt"},"content":{"rendered":"\n<table class=\"wp-block-table\"><tbody><tr><td>\n  <strong>Stra\u00dfe<\/strong>\n  <\/td><td>\n  Schulstra\u00dfe 6\n  <\/td><\/tr><tr><td>\n  <strong>Postleitzahl\/Ort<\/strong>\n  <\/td><td>\n  49699 Lindern (Oldenburg) \n  <\/td><\/tr><tr><td>\n  <strong>Telefon<\/strong>\n  <\/td><td>\n  05957 96110\n  <\/td><\/tr><tr><td>\n  <strong>Beschreibung<\/strong>\n  <\/td><td>\n  Grundschule mit Oberschule\n  <\/td><\/tr><tr><td>\n  <strong>Schultr\u00e4ger<\/strong>\n  <\/td><td>\n  Gemeinde Lindern\n  <\/td><\/tr><tr><td>\n  <strong>Schulleiter<\/strong>\n  <\/td><td>\n  Petra Wodke-Schmeier\n  <\/td><\/tr><tr><td>\n  <strong>Schulsekret\u00e4rin<\/strong>\n  <\/td><td>\n  Britta Hu\u00dfmann \n  <\/td><\/tr><tr><td>\n  <strong>E-Mail<\/strong>\n  <\/td><td>\n  schule.lindern@ewetel.net\n  <\/td><\/tr><tr><td>\n  <strong>Facebook<\/strong>\n  <\/td><td>\n  https:\/\/web.facebook.com\/GOBSLindern\n  <\/td><\/tr><\/tbody><\/table>\n\n\n\n<p><\/p>\n","protected":false},"excerpt":{"rendered":"<p>Stra\u00dfe Schulstra\u00dfe 6 Postleitzahl\/Ort 49699 Lindern (Oldenburg) Telefon 05957 96110 Beschreibung Grundschule mit Oberschule Schultr\u00e4ger Gemeinde Lindern Schulleiter Petra Wodke-Schmeier Schulsekret\u00e4rin Britta Hu\u00dfmann E-Mail schule.lindern@ewetel.net Facebook https:\/\/web.facebook.com\/GOBSLindern<\/p>\n","protected":false},"author":1002,"featured_media":0,"parent":0,"menu_order":0,"comment_status":"closed","ping_status":"closed","template":"","meta":{"footnotes":""},"class_list":["post-2423559","page","type-page","status-publish","hentry"],"_links":{"self":[{"href":"https:\/\/www.schulelindern.de\/index.php?rest_route=\/wp\/v2\/pages\/2423559","targetHints":{"allow":["GET"]}}],"collection":[{"href":"https:\/\/www.schulelindern.de\/index.php?rest_route=\/wp\/v2\/pages"}],"about":[{"href":"https:\/\/www.schulelindern.de\/index.php?rest_route=\/wp\/v2\/types\/page"}],"author":[{"embeddable":true,"href":"https:\/\/www.schulelindern.de\/index.php?rest_route=\/wp\/v2\/users\/1002"}],"replies":[{"embeddable":true,"href":"https:\/\/www.schulelindern.de\/index.php?rest_route=%2Fwp%2Fv2%2Fcomments&post=2423559"}],"version-history":[{"count":3,"href":"https:\/\/www.schulelindern.de\/index.php?rest_route=\/wp\/v2\/pages\/2423559\/revisions"}],"predecessor-version":[{"id":2423565,"href":"https:\/\/www.schulelindern.de\/index.php?rest_route=\/wp\/v2\/pages\/2423559\/revisions\/2423565"}],"wp:attachment":[{"href":"https:\/\/www.schulelindern.de\/index.php?rest_route=%2Fwp%2Fv2%2Fmedia&parent=2423559"}],"curies":[{"name":"wp","href":"https:\/\/api.w.org\/{rel}","templated":true}]}}