{"id":2422537,"date":"2018-05-28T12:48:46","date_gmt":"2018-05-28T10:48:46","guid":{"rendered":"https:\/\/www.schulelindern.de\/?page_id=2422537"},"modified":"2023-07-04T10:21:20","modified_gmt":"2023-07-04T08:21:20","slug":"praevention-in-der-grundschule","status":"publish","type":"page","link":"https:\/\/www.schulelindern.de\/?page_id=2422537","title":{"rendered":"Pr\u00e4vention in der Grundschule"},"content":{"rendered":"<p><strong>Theaterauff\u00fchrungen der <a href=\"http:\/\/www.theaterpaed-werkstatt.de\/\">theaterp\u00e4dagogischen Werkstatt<\/a><\/strong><\/p>\n<p>Die Auff\u00fchrungen werden von der Gemeinde Lindern finanziert und im 2-Jahres-Rhythmus durchgef\u00fchrt. Die Jahrg\u00e4nge 1 und 2 sehen &#8222;<a href=\"http:\/\/www.theaterpaed-werkstatt.de\/?page=tonne.html&amp;rank=8&amp;urank=13\">Die gro\u00dfe Nein-Tonne<\/a>&#8220; und die Jahrg\u00e4nge 3 und 4 &#8222;<a href=\"http:\/\/www.theaterpaed-werkstatt.de\/?page=koerper.html\">Mein K\u00f6rper geh\u00f6rt mir<\/a>&#8222;.<\/p>\n<p>Hier ein beispielhafter Ablauf aus 2018:<\/p>\n<p><img loading=\"lazy\" decoding=\"async\" class=\"alignnone size-medium wp-image-2422538\" src=\"https:\/\/www.schulelindern.de\/wp-content\/uploads\/2018\/05\/Tabelle-Theater-1-4-300x109.jpg\" alt=\"\" width=\"300\" height=\"109\" srcset=\"https:\/\/www.schulelindern.de\/wp-content\/uploads\/2018\/05\/Tabelle-Theater-1-4-300x109.jpg 300w, https:\/\/www.schulelindern.de\/wp-content\/uploads\/2018\/05\/Tabelle-Theater-1-4-768x280.jpg 768w, https:\/\/www.schulelindern.de\/wp-content\/uploads\/2018\/05\/Tabelle-Theater-1-4-500x182.jpg 500w, https:\/\/www.schulelindern.de\/wp-content\/uploads\/2018\/05\/Tabelle-Theater-1-4.jpg 976w\" sizes=\"auto, (max-width: 300px) 100vw, 300px\" \/><\/p>\n","protected":false},"excerpt":{"rendered":"<p>Theaterauff\u00fchrungen der theaterp\u00e4dagogischen Werkstatt Die Auff\u00fchrungen werden von der Gemeinde Lindern finanziert und im 2-Jahres-Rhythmus durchgef\u00fchrt. Die Jahrg\u00e4nge 1 und 2 sehen &#8222;Die gro\u00dfe Nein-Tonne&#8220; und die Jahrg\u00e4nge 3 und 4 &#8222;Mein K\u00f6rper geh\u00f6rt mir&#8222;. Hier ein beispielhafter Ablauf aus &hellip; <a href=\"https:\/\/www.schulelindern.de\/?page_id=2422537\">Weiterlesen <span class=\"meta-nav\">&rarr;<\/span><\/a><\/p>\n","protected":false},"author":1001,"featured_media":0,"parent":0,"menu_order":0,"comment_status":"closed","ping_status":"closed","template":"","meta":{"footnotes":""},"class_list":["post-2422537","page","type-page","status-publish","hentry"],"_links":{"self":[{"href":"https:\/\/www.schulelindern.de\/index.php?rest_route=\/wp\/v2\/pages\/2422537","targetHints":{"allow":["GET"]}}],"collection":[{"href":"https:\/\/www.schulelindern.de\/index.php?rest_route=\/wp\/v2\/pages"}],"about":[{"href":"https:\/\/www.schulelindern.de\/index.php?rest_route=\/wp\/v2\/types\/page"}],"author":[{"embeddable":true,"href":"https:\/\/www.schulelindern.de\/index.php?rest_route=\/wp\/v2\/users\/1001"}],"replies":[{"embeddable":true,"href":"https:\/\/www.schulelindern.de\/index.php?rest_route=%2Fwp%2Fv2%2Fcomments&post=2422537"}],"version-history":[{"count":3,"href":"https:\/\/www.schulelindern.de\/index.php?rest_route=\/wp\/v2\/pages\/2422537\/revisions"}],"predecessor-version":[{"id":2424786,"href":"https:\/\/www.schulelindern.de\/index.php?rest_route=\/wp\/v2\/pages\/2422537\/revisions\/2424786"}],"wp:attachment":[{"href":"https:\/\/www.schulelindern.de\/index.php?rest_route=%2Fwp%2Fv2%2Fmedia&parent=2422537"}],"curies":[{"name":"wp","href":"https:\/\/api.w.org\/{rel}","templated":true}]}}