{"id":2233771,"date":"2016-06-23T13:31:26","date_gmt":"2016-06-23T11:31:26","guid":{"rendered":"https:\/\/www.schulelindern.de\/?page_id=2233771"},"modified":"2018-09-05T15:11:19","modified_gmt":"2018-09-05T13:11:19","slug":"schulaktionen","status":"publish","type":"page","link":"https:\/\/www.schulelindern.de\/?page_id=2233771","title":{"rendered":"Schulaktionen"},"content":{"rendered":"<p>Unsere Schule ist eine lebendige Schule.<\/p>\n<p>\u00dcbers Jahr gesehen finden viele spannende, lustige, lehrreiche und informative Veranstaltungen statt, die von Sch\u00fclerinnen und Sch\u00fclern, Lehrern, Eltern und Ehrenamtlichen sowie Institutionen gemeinsam vorbereitet und durchgef\u00fchrt werden.<\/p>\n<p>In diesem Bereich finden Sie jeweils den aktuellsten Bericht zur jeweiligen Aktion.<\/p>\n","protected":false},"excerpt":{"rendered":"<p>Unsere Schule ist eine lebendige Schule. \u00dcbers Jahr gesehen finden viele spannende, lustige, lehrreiche und informative Veranstaltungen statt, die von Sch\u00fclerinnen und Sch\u00fclern, Lehrern, Eltern und Ehrenamtlichen sowie Institutionen gemeinsam vorbereitet und durchgef\u00fchrt werden. In diesem Bereich finden Sie jeweils &hellip; <a href=\"https:\/\/www.schulelindern.de\/?page_id=2233771\">Weiterlesen <span class=\"meta-nav\">&rarr;<\/span><\/a><\/p>\n","protected":false},"author":3,"featured_media":0,"parent":0,"menu_order":0,"comment_status":"closed","ping_status":"closed","template":"","meta":{"footnotes":""},"class_list":["post-2233771","page","type-page","status-publish","hentry"],"_links":{"self":[{"href":"https:\/\/www.schulelindern.de\/index.php?rest_route=\/wp\/v2\/pages\/2233771","targetHints":{"allow":["GET"]}}],"collection":[{"href":"https:\/\/www.schulelindern.de\/index.php?rest_route=\/wp\/v2\/pages"}],"about":[{"href":"https:\/\/www.schulelindern.de\/index.php?rest_route=\/wp\/v2\/types\/page"}],"author":[{"embeddable":true,"href":"https:\/\/www.schulelindern.de\/index.php?rest_route=\/wp\/v2\/users\/3"}],"replies":[{"embeddable":true,"href":"https:\/\/www.schulelindern.de\/index.php?rest_route=%2Fwp%2Fv2%2Fcomments&post=2233771"}],"version-history":[{"count":3,"href":"https:\/\/www.schulelindern.de\/index.php?rest_route=\/wp\/v2\/pages\/2233771\/revisions"}],"predecessor-version":[{"id":2422635,"href":"https:\/\/www.schulelindern.de\/index.php?rest_route=\/wp\/v2\/pages\/2233771\/revisions\/2422635"}],"wp:attachment":[{"href":"https:\/\/www.schulelindern.de\/index.php?rest_route=%2Fwp%2Fv2%2Fmedia&parent=2233771"}],"curies":[{"name":"wp","href":"https:\/\/api.w.org\/{rel}","templated":true}]}}