{"id":2221183,"date":"2016-05-23T09:56:24","date_gmt":"2016-05-23T07:56:24","guid":{"rendered":"https:\/\/www.schulelindern.de\/?page_id=2221183"},"modified":"2023-07-04T09:32:56","modified_gmt":"2023-07-04T07:32:56","slug":"termine-praevention","status":"publish","type":"page","link":"https:\/\/www.schulelindern.de\/?page_id=2221183","title":{"rendered":"Pr\u00e4vention in der Oberschule"},"content":{"rendered":"<p>\u00dcbersicht der pr\u00e4ventiven Angebote in der Oberschule:<\/p>\n<p>Pr\u00e4vention im Schuljahr 2023-2024:<a href=\"https:\/\/www.schulelindern.de\/wp-content\/uploads\/2023\/07\/FLYER-23-24-1.pdf\">FLYER 23-24<\/a><\/p>\n<p>Pr\u00e4vention im Schuljahr 2022-2023:<a href=\"https:\/\/www.schulelindern.de\/wp-content\/uploads\/2023\/07\/FLYER-22-23-1.pdf\">FLYER 22-23<\/a><\/p>\n<p>Pr\u00e4vention im Schuljahr 2021-2022: <a href=\"https:\/\/www.schulelindern.de\/wp-content\/uploads\/2021\/08\/FLYER-21-22-1-1.pdf\">Flyer 21-22<\/a><\/p>\n<p>Pr\u00e4vention im Schuljahr 2020-2021:<a href=\"https:\/\/www.schulelindern.de\/wp-content\/uploads\/2020\/08\/FLYER-20-21.pdf\">FLYER 20-21<\/a><\/p>\n<p>Pr\u00e4vention im Schuljahr 2019-2020:\u00a0<a href=\"https:\/\/www.schulelindern.de\/wp-content\/uploads\/2019\/09\/FLYER-19-20.pdf\">FLYER 19-20<\/a><\/p>\n<p><a href=\"https:\/\/www.schulelindern.de\/wp-content\/uploads\/2018\/08\/Pr\u00e4vention-im-Schuljahr-2018-2019-3.pdf\">Pr\u00e4vention im Schuljahr 2018-2019<\/a><\/p>\n<p><a href=\"https:\/\/www.schulelindern.de\/wp-content\/uploads\/2018\/08\/Pr\u00e4vention-im-Schuljahr-2017-2018.pdf\">Pr\u00e4vention im Schuljahr 2017-2018<\/a><\/p>\n<p><a href=\"https:\/\/www.schulelindern.de\/wp-content\/uploads\/2018\/05\/Pr\u00e4vention-im-Schuljahr-2016-2017.pdf\">Pr\u00e4vention im Schuljahr 2016-2017<\/a><\/p>\n","protected":false},"excerpt":{"rendered":"<p>\u00dcbersicht der pr\u00e4ventiven Angebote in der Oberschule: Pr\u00e4vention im Schuljahr 2023-2024:FLYER 23-24 Pr\u00e4vention im Schuljahr 2022-2023:FLYER 22-23 Pr\u00e4vention im Schuljahr 2021-2022: Flyer 21-22 Pr\u00e4vention im Schuljahr 2020-2021:FLYER 20-21 Pr\u00e4vention im Schuljahr 2019-2020:\u00a0FLYER 19-20 Pr\u00e4vention im Schuljahr 2018-2019 Pr\u00e4vention im Schuljahr &hellip; <a href=\"https:\/\/www.schulelindern.de\/?page_id=2221183\">Weiterlesen <span class=\"meta-nav\">&rarr;<\/span><\/a><\/p>\n","protected":false},"author":3,"featured_media":0,"parent":0,"menu_order":0,"comment_status":"closed","ping_status":"closed","template":"","meta":{"footnotes":""},"class_list":["post-2221183","page","type-page","status-publish","hentry"],"_links":{"self":[{"href":"https:\/\/www.schulelindern.de\/index.php?rest_route=\/wp\/v2\/pages\/2221183","targetHints":{"allow":["GET"]}}],"collection":[{"href":"https:\/\/www.schulelindern.de\/index.php?rest_route=\/wp\/v2\/pages"}],"about":[{"href":"https:\/\/www.schulelindern.de\/index.php?rest_route=\/wp\/v2\/types\/page"}],"author":[{"embeddable":true,"href":"https:\/\/www.schulelindern.de\/index.php?rest_route=\/wp\/v2\/users\/3"}],"replies":[{"embeddable":true,"href":"https:\/\/www.schulelindern.de\/index.php?rest_route=%2Fwp%2Fv2%2Fcomments&post=2221183"}],"version-history":[{"count":19,"href":"https:\/\/www.schulelindern.de\/index.php?rest_route=\/wp\/v2\/pages\/2221183\/revisions"}],"predecessor-version":[{"id":2424780,"href":"https:\/\/www.schulelindern.de\/index.php?rest_route=\/wp\/v2\/pages\/2221183\/revisions\/2424780"}],"wp:attachment":[{"href":"https:\/\/www.schulelindern.de\/index.php?rest_route=%2Fwp%2Fv2%2Fmedia&parent=2221183"}],"curies":[{"name":"wp","href":"https:\/\/api.w.org\/{rel}","templated":true}]}}