{"id":2221174,"date":"2016-05-23T09:48:05","date_gmt":"2016-05-23T07:48:05","guid":{"rendered":"https:\/\/www.schulelindern.de\/?page_id=2221174"},"modified":"2024-12-09T11:04:15","modified_gmt":"2024-12-09T10:04:15","slug":"termine-berufsorientierung","status":"publish","type":"page","link":"https:\/\/www.schulelindern.de\/?page_id=2221174","title":{"rendered":"Termine Berufsorientierung"},"content":{"rendered":"\n<p>Der Flyer zur Berufsorientierung f\u00fcr das Schuljahr 2024\/2025 steht jetzt zur Verf\u00fcgung. Er enth\u00e4lt alle wichtigen Termine und Veranstaltungen.<\/p>\n\n\n<p>Schuljahr 2024\/2025:<a href=\"https:\/\/www.schulelindern.de\/wp-content\/uploads\/2024\/08\/FLYER-24-25.pdf\">FLYER 24-25<\/a><\/p>\n<p>&nbsp;<\/p>\n<p><u>Berufsberatung<\/u><\/p>\n<p style=\"margin: 0cm 0cm 7.5pt 0cm;\"><span style=\"font-size: 10.5pt; font-family: 'Open Sans',sans-serif; color: #1a1a1a;\">Die Berufsberatung der Agentur f\u00fcr Arbeit stellt sich allen Klassen (ab Klasse 8) regelm\u00e4\u00dfig vor. Zudem ist der Berufsberater\/die Berufsberaterin am Berufsinformationsabend vertreten. Ferner ist die Berufsberatung an mehreren Terminen im Schuljahr bei uns an der Schule und bietet Sprechzeiten f\u00fcr alle Sch\u00fclerInnen der Abschlussklassen an. Jede\/r Sch\u00fcler\/in erh\u00e4lt mindestens einen festen Termin. Weitere Termine sind m\u00f6glich. <\/span><\/p>\n<p style=\"margin: 0cm 0cm 7.5pt 0cm;\"><span style=\"font-size: 10.5pt; font-family: 'Open Sans',sans-serif; color: #1a1a1a;\">\u00a0<\/span><\/p>\n<p style=\"margin: 0cm 0cm 7.5pt 0cm;\"><span style=\"font-size: 10.5pt; font-family: 'Open Sans',sans-serif; color: #1a1a1a;\">Weitere Informationen findest du auch auf unserer Webseite unter diesem Link:<\/span><\/p>\n<p style=\"margin: 0cm 0cm 7.5pt 0cm;\"><span style=\"font-size: 10.5pt; font-family: 'Open Sans',sans-serif; color: #1a1a1a;\"> <a href=\"https:\/\/www.schulelindern.de\/?page_id=2221171\">Berufsorientierung \u2013 Schule Lindern<\/a><\/span><\/p>\n<p>&nbsp;<\/p>\n\n\n<p><\/p>\n","protected":false},"excerpt":{"rendered":"<p>Der Flyer zur Berufsorientierung f\u00fcr das Schuljahr 2024\/2025 steht jetzt zur Verf\u00fcgung. Er enth\u00e4lt alle wichtigen Termine und Veranstaltungen. Schuljahr 2024\/2025:FLYER 24-25 &nbsp; Berufsberatung Die Berufsberatung der Agentur f\u00fcr Arbeit stellt sich allen Klassen (ab Klasse 8) regelm\u00e4\u00dfig vor. Zudem &hellip; <a href=\"https:\/\/www.schulelindern.de\/?page_id=2221174\">Weiterlesen <span class=\"meta-nav\">&rarr;<\/span><\/a><\/p>\n","protected":false},"author":3,"featured_media":0,"parent":0,"menu_order":0,"comment_status":"closed","ping_status":"closed","template":"","meta":{"footnotes":""},"class_list":["post-2221174","page","type-page","status-publish","hentry"],"_links":{"self":[{"href":"https:\/\/www.schulelindern.de\/index.php?rest_route=\/wp\/v2\/pages\/2221174","targetHints":{"allow":["GET"]}}],"collection":[{"href":"https:\/\/www.schulelindern.de\/index.php?rest_route=\/wp\/v2\/pages"}],"about":[{"href":"https:\/\/www.schulelindern.de\/index.php?rest_route=\/wp\/v2\/types\/page"}],"author":[{"embeddable":true,"href":"https:\/\/www.schulelindern.de\/index.php?rest_route=\/wp\/v2\/users\/3"}],"replies":[{"embeddable":true,"href":"https:\/\/www.schulelindern.de\/index.php?rest_route=%2Fwp%2Fv2%2Fcomments&post=2221174"}],"version-history":[{"count":28,"href":"https:\/\/www.schulelindern.de\/index.php?rest_route=\/wp\/v2\/pages\/2221174\/revisions"}],"predecessor-version":[{"id":2425271,"href":"https:\/\/www.schulelindern.de\/index.php?rest_route=\/wp\/v2\/pages\/2221174\/revisions\/2425271"}],"wp:attachment":[{"href":"https:\/\/www.schulelindern.de\/index.php?rest_route=%2Fwp%2Fv2%2Fmedia&parent=2221174"}],"curies":[{"name":"wp","href":"https:\/\/api.w.org\/{rel}","templated":true}]}}