{"id":2221171,"date":"2016-05-23T09:44:57","date_gmt":"2016-05-23T07:44:57","guid":{"rendered":"https:\/\/www.schulelindern.de\/?page_id=2221171"},"modified":"2022-04-01T16:31:34","modified_gmt":"2022-04-01T14:31:34","slug":"berufsorientierung","status":"publish","type":"page","link":"https:\/\/www.schulelindern.de\/?page_id=2221171","title":{"rendered":"Berufsorientierung"},"content":{"rendered":"<p>Die Berufsorientierung beginnt f\u00fcr die Sch\u00fclerinnen und Sch\u00fcler mit der 7. Klassenstufe und wird im Fach Wirtschaft eingef\u00fchrt. Die Jugendlichen erhalten den Berufswahlordner, in dem bis zum Verlassen der Oberschule und auch dar\u00fcber hinaus gearbeitet wird. Mit dem Wirtschaftsunterricht starten gleichzeitig auch die ersten berufsorientierenden Ma\u00dfnahmen. Genaue\u00a0Angebote und Ma\u00dfnahmen\u00a0sind unter &#8222;Termine Berufsorientierung&#8220; einzusehen.<\/p>\n<p>M\u00f6glich gemacht werden die Angebote der Berufsorientierung durch die Sozialp\u00e4dagogin an unserer Schule: <a href=\"https:\/\/www.schulelindern.de\/?page_id=300\">Denise Hahnheiser<\/a>.<\/p>\n<p>Bis Ende 2016 war sie unter dem Projekt &#8222;Schulbezogene Jugendsozialarbeit &#8211; \u00dcbergang Schule-Beruf&#8220; angestellt. Das\u00a0Land Niedersachsen hatte dieses spezielle Programm, das sich zun\u00e4chst &#8222;Programm zur Profilierung der Hauptschulen&#8220; nannte, geschaffen. Dieses setzt sich zum\u00a0Ziel, sozialp\u00e4dagogische und berufsorientierende\u00a0Ma\u00dfnahmen und Angebote\u00a0f\u00fcr Sch\u00fclerinnen und -sch\u00fcler anzubieten, die ihnen verbesserte Bedingungen beim \u00dcbergang von der Schule in den Beruf erm\u00f6glichen sollen.\u00a0In diesem Programm werden Sch\u00fclerinnen und Sch\u00fcler an Hauptschulen, in Hauptschulzweigen zusammengefasster Schulen, an Oberschulen und in Kooperativen Gesamtschulen sowie in F\u00f6rderschulen mit dem Schwerpunkt Lernen von sozialp\u00e4dagogischen Mitarbeiterinnen und Mitarbeitern unterst\u00fctzt.<\/p>\n<p><img decoding=\"async\" style=\"border-image: initial; margin-top: 10px; margin-bottom: 10px; float: right; border: 0px solid #a6a6a6;\" src=\"http:\/\/www.schulelindern.de\/images\/stories\/hsprof.gif\" alt=\"\" \/><\/p>\n<p>Das\u00a0<a href=\"http:\/\/www.caritas-sozialwerk.de\">Caritas-Sozialwerk St. Elisabeth<\/a> f\u00fchrte dieses Programm in einem Kooperationsverbund mit dem Schultr\u00e4ger und\u00a0den meisten Haupt- und Oberschulen im Landkreis Cloppenburg durch(B\u00f6sel,\u00a0Cappeln,\u00a0Cloppenburg (Johann-Comenius), Cloppenburg (Marienschule),\u00a0Cloppenburg\u00a0(Pingel Anton),\u00a0Emstek,\u00a0Friesoythe\u00a0(Altenoythe),\u00a0Garrel, Lastrup,\u00a0Lindern,\u00a0L\u00f6ningen, Molbergen, Bar\u00dfel\u00a0und\u00a0Ramsloh). Seit dem 01.01.2017 ist\u00a0die Schulsozialarbeit an Haupt-, Real-\u00a0und Oberschulen\u00a0in die Verantwortung des Landes \u00fcbergegangen.<\/p>\n<p>Die Sozialp\u00e4dagogin\u00a0arbeitet mit vielen unterschiedlichen Partnern zusammen. Dazu geh\u00f6ren neben\u00a0Schulleitung, Lehrern und Eltern auch die weiterf\u00fchrenden Schulen, ebenso auch Betriebe der Region sowie\u00a0Einrichtungen der Region, die am \u00dcbergang in das Berufsleben beteiligt sind wie z.B. das\u00a0<a href=\"http:\/\/www.caritas-sozialwerk.de\/56850.html\"><u><span style=\"color: #0066cc;\">Pro Aktiv Center Cloppenburg<\/span><\/u><\/a>. Dar\u00fcber hinaus bestehen\u00a0Kontakte zur\u00a0<a href=\"http:\/\/www.arbeitsagentur.de\/\"><u><span style=\"color: #0066cc;\">Agentur f\u00fcr Arbeit<\/span><\/u><\/a>\u00a0und der\u00a0Berufsberatung, zu Vereinen der Region, zu Jugendhilfeeinrichtungen und Bildungstr\u00e4gern.<\/p>\n<p>Die Angebote und Ma\u00dfnahmen unterscheiden\u00a0sich in jedem Schuljahr. Nachfolgend ein paar Ma\u00dfnahmen, die im Rahmen\u00a0der Berufsorientierung\u00a0angeboten bzw. begleitet\u00a0werden k\u00f6nnen:<\/p>\n<p>&#8211; St\u00e4rken\/ Schw\u00e4chenanalyse<br \/>&#8211; Berufsorientierungsmodule an den BBS Cloppenburg<br \/>&#8211; Berufsorientierungsseminare<br \/>&#8211; Berufsinformation durch BIZ<br \/>&#8211;\u00a0F\u00e4higkeiten austesten\u00a0(Aktivzirkel)<br \/>&#8211; Betriebserkundungen<br \/>&#8211; Bewerbertraining<br \/>&#8211; Szenenwechsel<br \/>&#8211; Erstellung von Bewerbungsunterlagen<br \/>&#8211; Stellenrecherche im Internet<br \/>&#8211; Umfangreiches Infomaterial<br \/>&#8211; Pers\u00f6nliche Sch\u00fclerberatung<br \/>&#8211; Fachbezogene Besuche in Einrichtungen<\/p>\n<p>\u00a0<\/p>\n<p>Das Konzept zur Berufs- und Studienorientierung finden Sie <a href=\"https:\/\/www.schulelindern.de\/?page_id=1919370\">hier.<\/a><\/p>\n<p>\u00a0<\/p>\n\n\n<p><\/p>\n","protected":false},"excerpt":{"rendered":"<p>Die Berufsorientierung beginnt f\u00fcr die Sch\u00fclerinnen und Sch\u00fcler mit der 7. Klassenstufe und wird im Fach Wirtschaft eingef\u00fchrt. Die Jugendlichen erhalten den Berufswahlordner, in dem bis zum Verlassen der Oberschule und auch dar\u00fcber hinaus gearbeitet wird. Mit dem Wirtschaftsunterricht starten &hellip; <a href=\"https:\/\/www.schulelindern.de\/?page_id=2221171\">Weiterlesen <span class=\"meta-nav\">&rarr;<\/span><\/a><\/p>\n","protected":false},"author":3,"featured_media":0,"parent":0,"menu_order":0,"comment_status":"closed","ping_status":"closed","template":"","meta":{"footnotes":""},"class_list":["post-2221171","page","type-page","status-publish","hentry"],"_links":{"self":[{"href":"https:\/\/www.schulelindern.de\/index.php?rest_route=\/wp\/v2\/pages\/2221171","targetHints":{"allow":["GET"]}}],"collection":[{"href":"https:\/\/www.schulelindern.de\/index.php?rest_route=\/wp\/v2\/pages"}],"about":[{"href":"https:\/\/www.schulelindern.de\/index.php?rest_route=\/wp\/v2\/types\/page"}],"author":[{"embeddable":true,"href":"https:\/\/www.schulelindern.de\/index.php?rest_route=\/wp\/v2\/users\/3"}],"replies":[{"embeddable":true,"href":"https:\/\/www.schulelindern.de\/index.php?rest_route=%2Fwp%2Fv2%2Fcomments&post=2221171"}],"version-history":[{"count":6,"href":"https:\/\/www.schulelindern.de\/index.php?rest_route=\/wp\/v2\/pages\/2221171\/revisions"}],"predecessor-version":[{"id":2424302,"href":"https:\/\/www.schulelindern.de\/index.php?rest_route=\/wp\/v2\/pages\/2221171\/revisions\/2424302"}],"wp:attachment":[{"href":"https:\/\/www.schulelindern.de\/index.php?rest_route=%2Fwp%2Fv2%2Fmedia&parent=2221171"}],"curies":[{"name":"wp","href":"https:\/\/api.w.org\/{rel}","templated":true}]}}