{"id":1942076,"date":"2013-12-06T11:33:15","date_gmt":"2013-12-06T10:33:15","guid":{"rendered":"https:\/\/www.schulelindern.de\/?page_id=1942076"},"modified":"2013-12-06T11:33:15","modified_gmt":"2013-12-06T10:33:15","slug":"informationen-zu-schulausfaellen","status":"publish","type":"page","link":"https:\/\/www.schulelindern.de\/?page_id=1942076","title":{"rendered":"Informationen zu Schulausf\u00e4llen"},"content":{"rendered":"<p><strong>Schulausfall bei extremen Wetterverh\u00e4ltnissen: Landkreise entscheiden<\/strong> <\/p>\n<p>Die Entscheidung, ob Unterricht stattfindet oder nicht, treffen die Landkreise oder kreisfreien St\u00e4dte in der Regel erst am fr\u00fchen Morgen des jeweiligen Schultages. Genaue Informationen werden \u00fcber Rundfunksender zusammen mit den Verkehrshinweisen, das Internet und in einigen Landkreisen auch \u00fcber einen SMS-Service bekannt gegeben. <\/p>\n<p>Durch die besonderen Wetterverh\u00e4ltnisse in diesem Jahr muss auch weiterhin mit extremen Witterungs- und Stra\u00dfenverh\u00e4ltnissen gerechnet werden. Wenn die Sicherheit des Schulweges und der Sch\u00fclerbef\u00f6rderung nicht mehr gew\u00e4hrleistet ist, kann es zu kurzfristigen Schulausf\u00e4llen kommen. Damit soll verhindert werden, dass Sch\u00fclerinnen und Sch\u00fcler trotz vorliegender Gefahrensituationen selbst\u00e4ndig oder mit den Eltern versuchen, die Schule zu erreichen.<\/p>\n<p>Die Entscheidung, ob Unterricht stattfindet oder nicht, treffen Landkreise und kreisfreien St\u00e4dte in der Regel erst am fr\u00fchen Morgen des jeweiligen Schultages und melden die Unterrichtsausf\u00e4lle an die Lage- und F\u00fchrungszentralen der \u00f6rtlichen Polizeidirektionen. Diese steuern im Anschluss die Informationen an die move-Verkehrsmanagementzentrale (VMZ).<\/p>\n<p>So werden Sch\u00fclerinnen, Sch\u00fcler und Eltern informiert:<\/p>\n<p>\u2022\tLandkreis Cloppenburg \u2013 www.lkclp.de (Klicken Sie auf Freizeit &#038; Bildung -> Schulen und Kultur -> Schulausfall bei extremen Witterungsverh\u00e4ltnissen)<br \/>\n\u2022\tVerkehrsmanagementzentrale Niedersachsen \u2013 www.vmz-niedersachsen.de (Klicken Sie auf \u201eSchulausf\u00e4lle Niedersachsen\u201c)<br \/>\n\u2022\tRundfunksender (NDR, FFN, \u2026) zusammen mit den Verkehrshinweisen nach den Nachrichten<br \/>\n\u2022\t[Auflistung der Informationsm\u00f6glichkeiten durch Redaktion Homepage GOBS Lindern aktualisiert]<\/p>\n<p>Grunds\u00e4tzlich gilt, dass Eltern, die eine unzumutbare Gef\u00e4hrdung ihrer Kinder auf dem Schulweg durch extreme Witterungsverh\u00e4ltnisse bef\u00fcrchten, ihre Kinder auch dann zu Hause behalten oder vorzeitig vom Unterricht abholen k\u00f6nnen, wenn kein genereller Unterrichtsausfall angeordnet worden ist.<br \/>\nDie Schulen gew\u00e4hrleisten f\u00fcr Sch\u00fclerinnen und Sch\u00fcler, die trotz des angeordneten Unterrichtsausfalls zur Schule kommen, die Betreuung.<\/p>\n<p>Quelle: http:\/\/www.landesschulbehoerde-niedersachsen.de\/themen\/schulorganisation\/u-org\/schulausfall-bei-extremen-wetterverhaeltnissen<\/p>\n","protected":false},"excerpt":{"rendered":"<p>Schulausfall bei extremen Wetterverh\u00e4ltnissen: Landkreise entscheiden Die Entscheidung, ob Unterricht stattfindet oder nicht, treffen die Landkreise oder kreisfreien St\u00e4dte in der Regel erst am fr\u00fchen Morgen des jeweiligen Schultages. Genaue Informationen werden \u00fcber Rundfunksender zusammen mit den Verkehrshinweisen, das Internet &hellip; <a href=\"https:\/\/www.schulelindern.de\/?page_id=1942076\">Weiterlesen <span class=\"meta-nav\">&rarr;<\/span><\/a><\/p>\n","protected":false},"author":3,"featured_media":0,"parent":0,"menu_order":0,"comment_status":"closed","ping_status":"closed","template":"","meta":{"footnotes":""},"class_list":["post-1942076","page","type-page","status-publish","hentry"],"_links":{"self":[{"href":"https:\/\/www.schulelindern.de\/index.php?rest_route=\/wp\/v2\/pages\/1942076","targetHints":{"allow":["GET"]}}],"collection":[{"href":"https:\/\/www.schulelindern.de\/index.php?rest_route=\/wp\/v2\/pages"}],"about":[{"href":"https:\/\/www.schulelindern.de\/index.php?rest_route=\/wp\/v2\/types\/page"}],"author":[{"embeddable":true,"href":"https:\/\/www.schulelindern.de\/index.php?rest_route=\/wp\/v2\/users\/3"}],"replies":[{"embeddable":true,"href":"https:\/\/www.schulelindern.de\/index.php?rest_route=%2Fwp%2Fv2%2Fcomments&post=1942076"}],"version-history":[{"count":0,"href":"https:\/\/www.schulelindern.de\/index.php?rest_route=\/wp\/v2\/pages\/1942076\/revisions"}],"wp:attachment":[{"href":"https:\/\/www.schulelindern.de\/index.php?rest_route=%2Fwp%2Fv2%2Fmedia&parent=1942076"}],"curies":[{"name":"wp","href":"https:\/\/api.w.org\/{rel}","templated":true}]}}