{"id":1927202,"date":"2013-10-29T10:32:55","date_gmt":"2013-10-29T09:32:55","guid":{"rendered":"https:\/\/www.schulelindern.de\/?page_id=1927202"},"modified":"2015-09-04T10:55:24","modified_gmt":"2015-09-04T08:55:24","slug":"linkliste-schueler","status":"publish","type":"page","link":"https:\/\/www.schulelindern.de\/?page_id=1927202","title":{"rendered":"Linkliste Sch\u00fcler"},"content":{"rendered":"<p>Wichtige Links:<\/p>\n<p>Schlie\u00dff\u00e4cher: www.astradirekt.de<\/p>\n<p><a href=\"https:\/\/www.schulelindern.de\/wp-content\/uploads\/2013\/10\/Abschl\u00fcsse-an-der-Grund-und-Oberschule-Lindern-2014-OBS-HS-Abschluss-ab-Nov.2014.doc\">Abschl\u00fcsse an der Grund- und Oberschule Lindern 2014 OBS HS-Abschluss ab Nov.2014<\/a><\/p>\n","protected":false},"excerpt":{"rendered":"<p>Wichtige Links: Schlie\u00dff\u00e4cher: www.astradirekt.de Abschl\u00fcsse an der Grund- und Oberschule Lindern 2014 OBS HS-Abschluss ab Nov.2014<\/p>\n","protected":false},"author":3,"featured_media":0,"parent":0,"menu_order":0,"comment_status":"closed","ping_status":"closed","template":"","meta":{"footnotes":""},"class_list":["post-1927202","page","type-page","status-publish","hentry"],"_links":{"self":[{"href":"https:\/\/www.schulelindern.de\/index.php?rest_route=\/wp\/v2\/pages\/1927202","targetHints":{"allow":["GET"]}}],"collection":[{"href":"https:\/\/www.schulelindern.de\/index.php?rest_route=\/wp\/v2\/pages"}],"about":[{"href":"https:\/\/www.schulelindern.de\/index.php?rest_route=\/wp\/v2\/types\/page"}],"author":[{"embeddable":true,"href":"https:\/\/www.schulelindern.de\/index.php?rest_route=\/wp\/v2\/users\/3"}],"replies":[{"embeddable":true,"href":"https:\/\/www.schulelindern.de\/index.php?rest_route=%2Fwp%2Fv2%2Fcomments&post=1927202"}],"version-history":[{"count":1,"href":"https:\/\/www.schulelindern.de\/index.php?rest_route=\/wp\/v2\/pages\/1927202\/revisions"}],"predecessor-version":[{"id":2190021,"href":"https:\/\/www.schulelindern.de\/index.php?rest_route=\/wp\/v2\/pages\/1927202\/revisions\/2190021"}],"wp:attachment":[{"href":"https:\/\/www.schulelindern.de\/index.php?rest_route=%2Fwp%2Fv2%2Fmedia&parent=1927202"}],"curies":[{"name":"wp","href":"https:\/\/api.w.org\/{rel}","templated":true}]}}