{"id":1919372,"date":"2013-10-09T12:51:49","date_gmt":"2013-10-09T10:51:49","guid":{"rendered":"https:\/\/www.schulelindern.de\/?page_id=1919372"},"modified":"2023-12-19T10:45:55","modified_gmt":"2023-12-19T09:45:55","slug":"konzepte-allgemein","status":"publish","type":"page","link":"https:\/\/www.schulelindern.de\/?page_id=1919372","title":{"rendered":"Konzepte Allgemein"},"content":{"rendered":"<div class=\"wp-block-image\">\n<figure class=\"aligncenter\"><a href=\"https:\/\/www.schulelindern.de\/wp-content\/uploads\/2012\/04\/Leitbildneuweb1.jpg\"><img loading=\"lazy\" decoding=\"async\" width=\"198\" height=\"300\" src=\"https:\/\/www.schulelindern.de\/wp-content\/uploads\/2012\/04\/Leitbildneuweb1-198x300.jpg\" alt=\"Leitbildneuweb\" class=\"wp-image-1920159\" srcset=\"https:\/\/www.schulelindern.de\/wp-content\/uploads\/2012\/04\/Leitbildneuweb1-198x300.jpg 198w, https:\/\/www.schulelindern.de\/wp-content\/uploads\/2012\/04\/Leitbildneuweb1-397x600.jpg 397w, https:\/\/www.schulelindern.de\/wp-content\/uploads\/2012\/04\/Leitbildneuweb1.jpg 500w\" sizes=\"auto, (max-width: 198px) 100vw, 198px\" \/><\/a><\/figure>\n<\/div>\n\n\n<p><a href=\"https:\/\/www.schulelindern.de\/wp-content\/uploads\/2013\/10\/Ablauf-Ganztagsschule.docx\">Ablauf Ganztagsschule<\/a><\/p>\n\n\n\n<p><a href=\"https:\/\/www.schulelindern.de\/wp-content\/uploads\/2023\/12\/Entschuldigungsverfahren-an-der-Grund.pdf\">Entschuldigungsverfahren<\/a> <\/p>\n\n\n\n<p><\/p>\n\n\n\n<p><a href=\"https:\/\/www.schulelindern.de\/wp-content\/uploads\/2013\/10\/Erziehungs-und-Ordnungsma\u00dfnahmen-3.docx\" rel=\"\">Erziehungs- und Ordnungsma\u00dfnahmen<\/a><\/p>\n\n\n\n<p><a href=\"https:\/\/www.schulelindern.de\/wp-content\/uploads\/2013\/10\/Hausaufgabenkonzept.docx\">Hausaufgabenkonzept<\/a><\/p>\n\n\n\n<p><a href=\"https:\/\/www.schulelindern.de\/wp-content\/uploads\/2014\/10\/neues-Leitbild-neu.doc\">Leitbild<\/a><\/p>\n\n\n\n<p><a href=\"https:\/\/www.schulelindern.de\/wp-content\/uploads\/2013\/10\/Ma\u00dfnahmen-bei-Fehlverhalten-Absentismus.docx\">Ma\u00dfnahmen bei Fehlverhalten und Absentismus<\/a><\/p>\n\n\n\n<p><a href=\"https:\/\/www.schulelindern.de\/wp-content\/uploads\/2015\/05\/Schulfahrten-2015.docx\">Schulfahrten<\/a><\/p>\n\n\n\n<p><a href=\"https:\/\/www.schulelindern.de\/wp-content\/uploads\/2013\/10\/Schulordnung-aktuell-2016-in-Farbe-version3-11.doc\" rel=\"\">Schulordnung<\/a><\/p>\n\n\n\n<p><a href=\"https:\/\/www.schulelindern.de\/wp-content\/uploads\/2020\/09\/SP-Grund-und-Oberschule-2019-2020-aktuell.doc\" rel=\"\">Schulprogramm<\/a><\/p>\n\n\n\n<p><a href=\"https:\/\/www.schulelindern.de\/wp-content\/uploads\/2013\/10\/Verst\u00f6\u00dfe-gegen-die-Schulordnung.docx\" rel=\"\">Verst\u00f6\u00dfe gegen die Schulordnung<\/a><\/p>\n\n\n\n<p><a href=\"https:\/\/www.schulelindern.de\/wp-content\/uploads\/2013\/10\/Vertretungskonzept-\u00fcberarbeitet.doc\">Vertretungskonzept<\/a><\/p>\n","protected":false},"excerpt":{"rendered":"<p>Ablauf Ganztagsschule Entschuldigungsverfahren Erziehungs- und Ordnungsma\u00dfnahmen Hausaufgabenkonzept Leitbild Ma\u00dfnahmen bei Fehlverhalten und Absentismus Schulfahrten Schulordnung Schulprogramm Verst\u00f6\u00dfe gegen die Schulordnung Vertretungskonzept<\/p>\n","protected":false},"author":3,"featured_media":0,"parent":0,"menu_order":0,"comment_status":"closed","ping_status":"closed","template":"","meta":{"footnotes":""},"class_list":["post-1919372","page","type-page","status-publish","hentry"],"_links":{"self":[{"href":"https:\/\/www.schulelindern.de\/index.php?rest_route=\/wp\/v2\/pages\/1919372","targetHints":{"allow":["GET"]}}],"collection":[{"href":"https:\/\/www.schulelindern.de\/index.php?rest_route=\/wp\/v2\/pages"}],"about":[{"href":"https:\/\/www.schulelindern.de\/index.php?rest_route=\/wp\/v2\/types\/page"}],"author":[{"embeddable":true,"href":"https:\/\/www.schulelindern.de\/index.php?rest_route=\/wp\/v2\/users\/3"}],"replies":[{"embeddable":true,"href":"https:\/\/www.schulelindern.de\/index.php?rest_route=%2Fwp%2Fv2%2Fcomments&post=1919372"}],"version-history":[{"count":16,"href":"https:\/\/www.schulelindern.de\/index.php?rest_route=\/wp\/v2\/pages\/1919372\/revisions"}],"predecessor-version":[{"id":2424922,"href":"https:\/\/www.schulelindern.de\/index.php?rest_route=\/wp\/v2\/pages\/1919372\/revisions\/2424922"}],"wp:attachment":[{"href":"https:\/\/www.schulelindern.de\/index.php?rest_route=%2Fwp%2Fv2%2Fmedia&parent=1919372"}],"curies":[{"name":"wp","href":"https:\/\/api.w.org\/{rel}","templated":true}]}}