{"id":1919370,"date":"2013-10-09T12:51:33","date_gmt":"2013-10-09T10:51:33","guid":{"rendered":"https:\/\/www.schulelindern.de\/?page_id=1919370"},"modified":"2024-08-27T16:46:45","modified_gmt":"2024-08-27T14:46:45","slug":"konzepte-oberschule","status":"publish","type":"page","link":"https:\/\/www.schulelindern.de\/?page_id=1919370","title":{"rendered":"Konzepte Oberschule"},"content":{"rendered":"<ul>\n<li>Allgemeines Konzept und Abschl\u00fcsse<\/li>\n<\/ul>\n<p><a href=\"https:\/\/www.schulelindern.de\/wp-content\/uploads\/2013\/10\/Konzept-der-Oberschule-2016.docx\">Konzept der Oberschule<\/a><\/p>\n<p><a href=\"https:\/\/www.schulelindern.de\/wp-content\/uploads\/2017\/06\/Abschl\u00fcsse-an-der-Grund-und-Oberschule-Lindern.doc\">Abschl\u00fcsse an der Grund- und Oberschule Lindern<\/a><\/p>\n<ul>\n<li>Zensuren<\/li>\n<\/ul>\n<p><a href=\"https:\/\/www.schulelindern.de\/wp-content\/uploads\/2018\/09\/Zensuren-OBS-1.docx\">Zensuren OBS<\/a><\/p>\n<ul>\n<li>Berufsorientierung<\/li>\n<\/ul>\n<p><a href=\"https:\/\/www.schulelindern.de\/wp-content\/uploads\/2024\/08\/Konzept-Berufs-und-Studienorientierung-2024.pdf\">Konzept Berufs- und Studienorientierung<\/a><\/p>\n<ul>\n<li>Pr\u00e4vention<\/li>\n<\/ul>\n<p><a href=\"https:\/\/www.schulelindern.de\/wp-content\/uploads\/2018\/09\/Pr\u00e4ventionskonzept.doc\">Pr\u00e4ventionskonzept<\/a><\/p>\n<p><a href=\"https:\/\/www.schulelindern.de\/wp-content\/uploads\/2018\/09\/Verbindliche-Pr\u00e4ventionsma\u00dfnahmen-in-der-GS-und-OBS.docx\">Verbindliche Pr\u00e4ventionsma\u00dfnahmen in der GS und OBS<\/a><\/p>\n<ul>\n<li>Kompetenzentwicklung<\/li>\n<\/ul>\n<p><a href=\"https:\/\/www.schulelindern.de\/wp-content\/uploads\/2018\/09\/Methodenkonzept-OBS.docx\">Methodenkonzept OBS<\/a><\/p>\n<p><a href=\"https:\/\/www.schulelindern.de\/wp-content\/uploads\/2018\/11\/Medienkonzept-2018-Endfassung3.doc\">Medienkonzept<\/a><\/p>\n<ul>\n<li>Hausaufgaben und Lernzeit<\/li>\n<\/ul>\n<p><a href=\"https:\/\/www.schulelindern.de\/wp-content\/uploads\/2012\/04\/Erlass_Hausaufgaben1.pdf\">Hausaufgaben &#8211; Erlass<\/a><\/p>\n<p><a href=\"https:\/\/www.schulelindern.de\/wp-content\/uploads\/2018\/09\/Hausaufgabenkonzept.docx\">Hausaufgabenkonzept<\/a><\/p>\n<p><a href=\"https:\/\/www.schulelindern.de\/wp-content\/uploads\/2018\/09\/Hausaufgabenmenge-und-Lernzeit-an-der-OBS-Lindern.docx\">Hausaufgabenmenge und Lernzeit an der OBS Lindern<\/a><\/p>\n<p><a href=\"https:\/\/www.schulelindern.de\/wp-content\/uploads\/2018\/09\/Verhalten-in-der-Lernzeit-und-in-der-Mittagspause.docx\">Verhalten in der Lernzeit und in der Mittagspause<\/a><\/p>\n<ul>\n<li>Schulfahrten<\/li>\n<\/ul>\n<p><a href=\"https:\/\/www.schulelindern.de\/wp-content\/uploads\/2015\/11\/RdErl._d._MK_Schulfahrten_v._1.11.2015_SVBl._S._548.pdf\">Schulfahrten &#8211; Erlass<\/a><\/p>\n<p><a href=\"https:\/\/www.schulelindern.de\/wp-content\/uploads\/2023\/04\/Info-fuer-alle-Jahrgaenge-2022-23.pdf\">Schulfahrtenkonzept<\/a><\/p>\n<ul>\n<li>Weitere Konzepte<\/li>\n<\/ul>\n<p><a href=\"https:\/\/www.schulelindern.de\/wp-content\/uploads\/2018\/09\/Ma\u00dfnahmen-bei-Absentismus-und-Beschwerden.docx\">Ma\u00dfnahmen bei Absentismus und Beschwerden<\/a><\/p>\n","protected":false},"excerpt":{"rendered":"<p>Allgemeines Konzept und Abschl\u00fcsse Konzept der Oberschule Abschl\u00fcsse an der Grund- und Oberschule Lindern Zensuren Zensuren OBS Berufsorientierung Konzept Berufs- und Studienorientierung Pr\u00e4vention Pr\u00e4ventionskonzept Verbindliche Pr\u00e4ventionsma\u00dfnahmen in der GS und OBS Kompetenzentwicklung Methodenkonzept OBS Medienkonzept Hausaufgaben und Lernzeit Hausaufgaben &#8211; &hellip; <a href=\"https:\/\/www.schulelindern.de\/?page_id=1919370\">Weiterlesen <span class=\"meta-nav\">&rarr;<\/span><\/a><\/p>\n","protected":false},"author":3,"featured_media":0,"parent":0,"menu_order":0,"comment_status":"closed","ping_status":"closed","template":"","meta":{"footnotes":""},"class_list":["post-1919370","page","type-page","status-publish","hentry"],"_links":{"self":[{"href":"https:\/\/www.schulelindern.de\/index.php?rest_route=\/wp\/v2\/pages\/1919370","targetHints":{"allow":["GET"]}}],"collection":[{"href":"https:\/\/www.schulelindern.de\/index.php?rest_route=\/wp\/v2\/pages"}],"about":[{"href":"https:\/\/www.schulelindern.de\/index.php?rest_route=\/wp\/v2\/types\/page"}],"author":[{"embeddable":true,"href":"https:\/\/www.schulelindern.de\/index.php?rest_route=\/wp\/v2\/users\/3"}],"replies":[{"embeddable":true,"href":"https:\/\/www.schulelindern.de\/index.php?rest_route=%2Fwp%2Fv2%2Fcomments&post=1919370"}],"version-history":[{"count":27,"href":"https:\/\/www.schulelindern.de\/index.php?rest_route=\/wp\/v2\/pages\/1919370\/revisions"}],"predecessor-version":[{"id":2425160,"href":"https:\/\/www.schulelindern.de\/index.php?rest_route=\/wp\/v2\/pages\/1919370\/revisions\/2425160"}],"wp:attachment":[{"href":"https:\/\/www.schulelindern.de\/index.php?rest_route=%2Fwp%2Fv2%2Fmedia&parent=1919370"}],"curies":[{"name":"wp","href":"https:\/\/api.w.org\/{rel}","templated":true}]}}