{"id":1919357,"date":"2013-10-09T12:38:56","date_gmt":"2013-10-09T10:38:56","guid":{"rendered":"https:\/\/www.schulelindern.de\/?page_id=1919357"},"modified":"2023-04-12T13:23:00","modified_gmt":"2023-04-12T11:23:00","slug":"konzepte","status":"publish","type":"page","link":"https:\/\/www.schulelindern.de\/?page_id=1919357","title":{"rendered":"Unser Schulleben im Schuljahr 2022\/23"},"content":{"rendered":"<p><strong><span style=\"color: #0000ff;\">A<\/span><span style=\"color: #00ff00;\">B<\/span><span style=\"color: #ff0000;\">C<\/span> der Grund- und Oberschule Lindern<\/strong><\/p>\n<p><strong>Schulleben 2022\/23<\/strong><\/p>\n<p><strong>Ausfl\u00fcge (m\u00f6gliche)<br \/>\n<\/strong><\/p>\n<ul>\n<li>Grundschule: Theaterbesuch\/ Waldb\u00fchne Ahmsen\/Zoobesuch\/ Schloss Dankern\/ Tierpark Th\u00fcle\/ Ausflug an die Nordsee\/ Museumsdorf Cloppenburg<\/li>\n<li>Oberschule (Jahrgang 5\/6): Museum Oldenburg\/ Kalkriese in Bramsche\/ Klimahaus in Bremerhaven<\/li>\n<li>Jahrgang 7\/8: Gemeinschaftstage<\/li>\n<li>Jahrgang 9: Abschlussfahrt<\/li>\n<\/ul>\n<p><strong>Autorenlesung<\/strong><\/p>\n<ul>\n<li>Alle vier Jahre finden Autorenlesungen f\u00fcr die gesamte Schule statt.<\/li>\n<\/ul>\n<p><strong>Austausch<\/strong><\/p>\n<ul>\n<li>\u00a0Elisabeth Gehlenborg und Maria Heyer organisieren den Austausch mit Mrocza.<\/li>\n<\/ul>\n<p><strong>B\u00fccherei<\/strong><\/p>\n<ul>\n<li>Lena Wiemann organisiert mit Sch\u00fclern die B\u00fccherei.<\/li>\n<li>Die B\u00fccherei ist mit dem SV-Raum gekoppelt.<\/li>\n<\/ul>\n<p><strong>Berufsorientierung<\/strong><\/p>\n<ul>\n<li>Denise kleine Klausing organisiert in Absprache mit dem Fachbereich Arbeit\/Wirtschaft die berufsorientierenden Ma\u00dfnahmen.<\/li>\n<li>Herr Meyer ist als Berufsberater der Agentur f\u00fcr Arbeit der Ansprechpartner.<\/li>\n<li>Jahrgang 7: Start mit dem Berufswahlordner<\/li>\n<li>Jahrgang 7: Aktivzirkel<\/li>\n<li>Jahrgang 8: Teilnahme an den berufsorientierenden Modulen<\/li>\n<li>BIZ<\/li>\n<li>Jahrgang 8: Kompetenzanalyse Profil AC<\/li>\n<li>Jahrg\u00e4nge 9 und 10: Kurse, Infomessen, Betriebserkundigungen<\/li>\n<\/ul>\n<p><strong>Einschulung\u00a0\u00a0\u00a0\u00a0\u00a0\u00a0\u00a0\u00a0\u00a0\u00a0\u00a0\u00a0\u00a0\u00a0\u00a0\u00a0\u00a0\u00a0\u00a0\u00a0\u00a0\u00a0\u00a0\u00a0\u00a0 \u00a0\u00a0\u00a0\u00a0\u00a0\u00a0\u00a0\u00a0\u00a0\u00a0 <\/strong><\/p>\n<ul>\n<li>Der 2. Jahrgang bereitet den Gottesdienst vor.<\/li>\n<li>Der 3. und 4. Jahrgang bereitet die Einschulungsfeier vor.<\/li>\n<li>Elternvertreter des 2. Schuljahres bereiten zusammen mit der Schule das Elterncaf\u00e9 vor.<\/li>\n<\/ul>\n<p><strong>Ehrenamtliche<\/strong><\/p>\n<ul>\n<li>Ehrenamtliche unterst\u00fctzen die P\u00e4dagogischen Mitarbeiterinnen w\u00e4hrend des Mittagessens und w\u00e4hrend der Hausaufgabenbetreuung in der Grundschule am Dienstag und Mittwoch.<\/li>\n<\/ul>\n<p><strong>F\u00f6rderverein<\/strong><\/p>\n<ul>\n<li>\u2026 sponsert die Getr\u00e4nke am Einschulungstag f\u00fcr Eltern und G\u00e4ste.<\/li>\n<li>\u2026 unterst\u00fctzt Projekte: z.B. Einrichtung des neuen Computerraumes.<\/li>\n<li>\u2026 sponsert gesundes Fr\u00fchst\u00fcck f\u00fcr die 3.Klassen in Stapelfeld.<\/li>\n<\/ul>\n<p><strong>Ganztag<\/strong><\/p>\n<ul>\n<li>offenes Angebot in der Grundschule<\/li>\n<li>Karin Brinkmann und Jutta Gerdes gestalten den Freiraum f\u00fcr selbstbestimmtes Lernen.<\/li>\n<li>teilgebundenes Angebot in der Oberschule: Unterricht am Dienstag- und Mittwochnachmittag\/ AG-Angebote am Donnerstagnachmittag<\/li>\n<\/ul>\n<p><strong>Gottesdienste<\/strong><\/p>\n<ul>\n<li>Einschulungsgottesdienst<\/li>\n<li>Anfangsgottesdienst f\u00fcr die Jahrg\u00e4nge 3 und 4<\/li>\n<li>Anfangsgottesdienst f\u00fcr die Jahrg\u00e4nge 5 \u2013 10<\/li>\n<li>Gottesdienst anl\u00e4sslich der Erstkommunion<\/li>\n<li>Abschlussgottesdienst<\/li>\n<\/ul>\n<p><strong>Inklusive Jahrg\u00e4nge<\/strong><\/p>\n<ul>\n<li>Seit dem Schuljahr 2013\/2014 sind wir inklusive Schule mit dem 1. und 5. Jahrgang aufsteigend<\/li>\n<li>Henrike Marks arbeitet als F\u00f6rderschullehrkraft (von der Maximilian-Kolbe-Schule, L\u00f6ningen) in diesen Jahrg\u00e4ngen mit den Klassenleitungen und den Fachkr\u00e4ften zusammen.<\/li>\n<\/ul>\n<p><strong>Kulturwoche<\/strong><\/p>\n<ul>\n<li>findet alle 4 Jahre statt<\/li>\n<li>Kulturwoche 2019: Lichtblicke<\/li>\n<\/ul>\n<p><strong>Lernzeit<\/strong><\/p>\n<ul>\n<li>In der Oberschule sind dienstags und mittwochs jeweils in der 6. Stunde Lernzeiten eingeplant, in denen die Sch\u00fcler ihre Lernaufgaben erledigen.<\/li>\n<\/ul>\n<p><strong>LLLL-Projekt<\/strong><\/p>\n<ul>\n<li>j\u00e4hrliche Aktion des Rotary-Clubs L\u00f6ningen-Hasetal-Hasel\u00fcnne: Lesen-Lernen-Leben-Lernen<\/li>\n<li>Sch\u00fcler des 2. Jahrgangs bekommen eine Ganzschrift.<\/li>\n<\/ul>\n<p><strong>Malwettbewerb<\/strong><\/p>\n<ul>\n<li>Angela Pranger und Jutta Gerdes organisieren die Teilnahme an diesem Wettbewerb.<\/li>\n<li>Lindern ist bei diesem Wettbewerb immer sehr erfolgreich.<\/li>\n<\/ul>\n<p><strong>Mensa<\/strong><\/p>\n<ul>\n<li>In unserer Mensa essen Sch\u00fcler und Lehrkr\u00e4fte dienstags, mittwochs und donnerstags in der Mittagspause. Familie Gerdes aus Lindern kocht frisch und lecker.<\/li>\n<\/ul>\n<p><strong>Methodentraining<\/strong><\/p>\n<ul>\n<li>Es finden zwei Methodentage in der gesamten Schule statt.<\/li>\n<li>Verbindliche Themen des Methodentrainings f\u00fcr die Grund- und Oberschule liegen vor.<\/li>\n<\/ul>\n<p><strong>Nikolausmarkt<\/strong><\/p>\n<ul>\n<li>Das Kollegium, der Elternrat und die Schulgemeinschaft organisieren gemeinsam den Nikolausmarkt am 1. Adventssonntag.<\/li>\n<li>Maria Windhaus-Un\u00fctzer organisiert die Zusammenarbeit zwischen Schule, Elternrat und Gemeinde.<\/li>\n<\/ul>\n<p><strong>Oberschule<\/strong><\/p>\n<ul>\n<li>Begr\u00fc\u00dfung aller Sch\u00fcler am ersten Schultag mit Programm<\/li>\n<li>Heike Sch\u00f6nrock bereitet ein Programm mit Kollegen zur Begr\u00fc\u00dfung der 5. Klassen vor.<\/li>\n<li>Heike Sch\u00f6nrock bereitet mit Kollegen den Schnuppertag mit den 5.Klassen f\u00fcr die Viertkl\u00e4ssler vor.<\/li>\n<li>Im Mai findet der Tag der offenen T\u00fcr statt.<\/li>\n<\/ul>\n<p><strong>Plattdeutscher Lesewettbewerb<\/strong><\/p>\n<ul>\n<li>Irmgard Schleper organisiert den Wettbewerb alle zwei Jahre.<\/li>\n<\/ul>\n<p><strong>Pr\u00e4vention<\/strong><\/p>\n<ul>\n<li>Pr\u00e4ventionswoche im 8. Jahrgang<\/li>\n<li>Polizeitheater in der Grundschule (Gewaltpr\u00e4vention)<\/li>\n<li>Das Pr\u00e4ventionskonzept ist fertiggestellt und f\u00fcr die Klassen 1-10 einsetzbar.<\/li>\n<li>Verbindliche Themen der Pr\u00e4ventionsma\u00dfnahmen f\u00fcr die Grund- und Oberschule liegen vor.<\/li>\n<\/ul>\n<p><strong>Profikurse<\/strong><\/p>\n<ul>\n<li>In den Jahrg\u00e4ngen 2-4 werden Profikurse angeboten: <strong>Profikurs A<\/strong> ist ein Lesekurs, <strong>Profikurs B<\/strong> ein Schreibkurs, <strong>Profikurs C<\/strong> ein Mathematikkurs, der <strong>Profikurs D<\/strong> stellt h\u00f6here Anforderungen in allen Bereichen. Zus\u00e4tzlich gibt es einen parallel laufenden Profikurs &#8222;Informatik&#8220;, an dem alle SuS der Klassen 3 und 4 jeweils 10 Wochen teilnehmen.<\/li>\n<\/ul>\n<p><strong>Sch\u00fcler Helfen Leben \/ Sozialer Tag<\/strong><\/p>\n<ul>\n<li>Elisabeth Gehlenborg organisiert diesen Tag.<\/li>\n<li>Am <strong>Sozialen Tag<\/strong> tauschen jedes Jahr mehr als 80.000 Sch\u00fcler ihre Schulbank gegen einen Arbeitsplatz. Die so erarbeiteten Gelder werden an die Jugend- und Bildungsprojekte von <strong>Sch\u00fcler Helfen Leben <\/strong><\/li>\n<\/ul>\n<p><strong>Sch\u00fclervertretung<\/strong><\/p>\n<ul>\n<li>Sch\u00fclervertreter organisieren die Spielzeugausleihe.<\/li>\n<li>Sch\u00fclervertreter sprechen auf der Entlassungsfeier.<\/li>\n<\/ul>\n<p><strong>Schulinspektion<\/strong><\/p>\n<ul>\n<li>Die letzte Schulinspektion fand in der Zeit vom 14.-17.10.2014 statt.<\/li>\n<\/ul>\n<p><strong>Schnuppertag<\/strong><\/p>\n<ul>\n<li>In der Oberschule findet einmal j\u00e4hrlich der Schnuppertag statt, an dem die Sch\u00fcler des 5. Jahrgangs den Viertkl\u00e4sslern ihre Schule vorstellen.<\/li>\n<\/ul>\n<p><strong>Schulentlassung<\/strong><\/p>\n<ul>\n<li>Sch\u00fcler, Eltern und Lehrkr\u00e4fte bereiten gemeinsam diesen besonderen Tag vor.<\/li>\n<\/ul>\n<p><strong>Schulsanit\u00e4ter<\/strong><\/p>\n<ul>\n<li>Sch\u00fcler des 9. Jahrgangs nehmen an einem Ausbildungslehrgang teil und stehen in den Pausen als Sanit\u00e4ter zur Verf\u00fcgung.<\/li>\n<\/ul>\n<p><strong>Spielzeugausleihe in der Grundschule<\/strong><\/p>\n<ul>\n<li>Karina Deddens organisiert die Ausleihe.<\/li>\n<li>Sch\u00fclervertreter organisieren die Spielzeugausleihe.<\/li>\n<\/ul>\n<p><strong>Sponsorenlauf<\/strong><\/p>\n<ul>\n<li>Birgit Blazejak organisiert mit den Sportkollegen den Sponsorenlauf, der alle zwei Jahre stattfindet.<\/li>\n<li>Das Sponsorengeld wird aufgeteilt: eine H\u00e4lfte wird f\u00fcr die eigene Schule eingesetzt und eine H\u00e4lfte f\u00fcr einen wohlt\u00e4tigen Zweck.<\/li>\n<\/ul>\n<p><strong>Verl\u00e4ssliche Grundschule<\/strong><\/p>\n<ul>\n<li>Karin Brinkmann, Jutta Gerdes und Silvia Gerdes sind verantwortlich f\u00fcr die Betreuungszeit im Rahmen der Verl\u00e4sslichen Grundschule.<\/li>\n<\/ul>\n<p><strong>Vorlesewettbewerb<\/strong><\/p>\n<ul>\n<li>Andrea Hanke-von Hammel und Wiebke Krassen organisieren den Vorlesewettbewerb im November\/Dezember.<\/li>\n<\/ul>\n<p><strong>Weihnachtsfeier<\/strong><\/p>\n<ul>\n<li>In der Grundschule werden im Wechsel eine \u201ekleine\u201c Weihnachtsfeier und eine \u201egro\u00dfe\u201c Weihnachtsfeier mit den Eltern gefeiert.<\/li>\n<li>Im 5.\/6. Jahrgang findet eine gemeinsame Weihnachtsfeier in der Aula statt.<\/li>\n<\/ul>\n<p><strong>Welttag des Buches<\/strong><\/p>\n<ul>\n<li>Die Jahrg\u00e4nge 4 und 5 erhalten in einem besonderen Rahmen ein Buchgeschenk.<\/li>\n<\/ul>\n<p><strong>Zukunftstag<\/strong><\/p>\n<ul>\n<li>Sch\u00fcler des 7. Jahrgangs haben an diesem Tag die M\u00f6glichkeit, die Berufswelt kennenzulernen.<\/li>\n<\/ul>\n","protected":false},"excerpt":{"rendered":"<p>ABC der Grund- und Oberschule Lindern Schulleben 2022\/23 Ausfl\u00fcge (m\u00f6gliche) Grundschule: Theaterbesuch\/ Waldb\u00fchne Ahmsen\/Zoobesuch\/ Schloss Dankern\/ Tierpark Th\u00fcle\/ Ausflug an die Nordsee\/ Museumsdorf Cloppenburg Oberschule (Jahrgang 5\/6): Museum Oldenburg\/ Kalkriese in Bramsche\/ Klimahaus in Bremerhaven Jahrgang 7\/8: Gemeinschaftstage Jahrgang 9: &hellip; <a href=\"https:\/\/www.schulelindern.de\/?page_id=1919357\">Weiterlesen <span class=\"meta-nav\">&rarr;<\/span><\/a><\/p>\n","protected":false},"author":3,"featured_media":0,"parent":0,"menu_order":0,"comment_status":"closed","ping_status":"closed","template":"","meta":{"footnotes":""},"class_list":["post-1919357","page","type-page","status-publish","hentry"],"_links":{"self":[{"href":"https:\/\/www.schulelindern.de\/index.php?rest_route=\/wp\/v2\/pages\/1919357","targetHints":{"allow":["GET"]}}],"collection":[{"href":"https:\/\/www.schulelindern.de\/index.php?rest_route=\/wp\/v2\/pages"}],"about":[{"href":"https:\/\/www.schulelindern.de\/index.php?rest_route=\/wp\/v2\/types\/page"}],"author":[{"embeddable":true,"href":"https:\/\/www.schulelindern.de\/index.php?rest_route=\/wp\/v2\/users\/3"}],"replies":[{"embeddable":true,"href":"https:\/\/www.schulelindern.de\/index.php?rest_route=%2Fwp%2Fv2%2Fcomments&post=1919357"}],"version-history":[{"count":12,"href":"https:\/\/www.schulelindern.de\/index.php?rest_route=\/wp\/v2\/pages\/1919357\/revisions"}],"predecessor-version":[{"id":2424649,"href":"https:\/\/www.schulelindern.de\/index.php?rest_route=\/wp\/v2\/pages\/1919357\/revisions\/2424649"}],"wp:attachment":[{"href":"https:\/\/www.schulelindern.de\/index.php?rest_route=%2Fwp%2Fv2%2Fmedia&parent=1919357"}],"curies":[{"name":"wp","href":"https:\/\/api.w.org\/{rel}","templated":true}]}}