{"id":1919344,"date":"2015-11-20T12:18:21","date_gmt":"2015-11-20T11:18:21","guid":{"rendered":"https:\/\/www.schulelindern.de\/?page_id=1919344"},"modified":"2023-03-07T11:33:50","modified_gmt":"2023-03-07T10:33:50","slug":"elternrat","status":"publish","type":"page","link":"https:\/\/www.schulelindern.de\/?page_id=1919344","title":{"rendered":"Zusammensetzung und Aufgaben des Elternrats und des Schulvorstandes"},"content":{"rendered":"\n<p class=\"has-text-align-left\"><span style=\"color: #993366;\"><strong>Elternvertreter der Grund- und Oberschule Lindern im Schuljahr 2022\/23<\/strong><\/span><\/p>\n\n\n\n<p><strong>Elternratsteam<\/strong><\/p>\n\n\n\n<p>Frau Brinkmann, Frau Czupalla, Frau Werner<\/p>\n\n\n\n<p><strong>Klassenelternr\u00e4te<\/strong><\/p>\n\n\n\n<p><a href=\"https:\/\/www.schulelindern.de\/wp-content\/uploads\/2023\/03\/2022_Elternratswahlen-in-den-Klassen-ohne-Anschrift.docx\">Klassenelternr\u00e4te 2022-23<\/a><\/p>\n\n\n\n<p><strong>Kreiselternrat<\/strong><\/p>\n\n\n\n<p>Frau Jansen, Frau Thiering-Moormann<\/p>\n\n\n\n<p><strong>Eltern im Schulvorstand<\/strong><\/p>\n\n\n\n<p>Frau Brinkmann, Frau Kallage, Frau Schwarte<\/p>\n\n\n\n<p><em>Vertreter:<\/em><\/p>\n\n\n\n<p>Frau H\u00fcbner, Frau Pleuter, Frau Schwiering<\/p>\n\n\n\n<p><strong>Eltern im Schulausschuss<\/strong><\/p>\n\n\n\n<p>Frau Schwiering<\/p>\n\n\n\n<p><span style=\"color: #993366;\"><strong>Aufgaben des Elternrats<\/strong><\/span><\/p>\n\n\n\n<p>Durch die \u00c4mter der Elternvertretung haben Eltern die M\u00f6glichkeit, sich aktiv am Schulleben zu beteiligen. Die Kernaufgaben der Elternvertretung bestehen aus folgenden Punkten:<br>Ansprechpartner f\u00fcr alle Eltern der Klasse<br>Vertretung der Interessen der Sch\u00fcler und der Elternschaft der Klasse<br>Weitergabe von Informationen<br>Bindeglied zwischen Elternschaft und Lehrkr\u00e4ften bzw. Schulleitung<br>\u00dcbernahme von organisatorischen Aufgaben, z.B. bei Projekten<\/p>\n\n\n\n<p>Die Rechte und Aufgaben der Elternvertretung sind im Nieders\u00e4chsichen Schulgesetz verankert.<br>Um Ihnen einen kleinen Einblick zu geben, k\u00f6nnen sie hier zwei Ausz\u00fcge aus dem Nieders\u00e4chsischen Schulgesetz nachlesen.<br>\u00a7 89 Klassenelternschaft<br>Die Erziehungsberechtigten der Sch\u00fcler einer Klasse (auch Klassenelternschaft genannt) w\u00e4hlen einen Vorsitzenden und den entsprechenden Stellvertreter.<br>Die Erziehungsberechtigten w\u00e4hlen dar\u00fcber hinaus drei Vertreter der Klassenkonferenz und dessen Stellvertreter. Die Vertreter der Klassenkonferenz nehmen z.B. an den Zeugniskonferenzen teil.<\/p>\n\n\n\n<p>\u00a7 Schulelternrat<br>Die Vorsitzenden der Klassenelternschaften bilden den Schulelternrat.<br>Der Schulelternrat w\u00e4hlt dann einen Elternratsvorsitzenden und dessen Vertretung aus seiner Mitte. Au\u00dferdem werden eine gleiche Anzahl an Vertreter und Stellvertreter f\u00fcr die Gesamtkonferenz gew\u00e4hlt.<br>Die oder der Vorsitzende l\u00e4dt den Schulelternrat mindestens zweimal im Jahr zu einer Sitzung ein.<\/p>\n\n\n\n<p><span style=\"color: #993366;\"><strong>Aufgaben des Schulvorstands<\/strong><\/span><\/p>\n\n\n\n<p>\u00a7 38a des Nieders\u00e4chsischen Schulgesetzes beschreibt die Aufgaben und Pflichten des Schulvorstandes.<\/p>\n\n\n\n<p>Hier k\u00f6nnen Sie einen Auszug daraus lesen:<\/p>\n\n\n\n<p>\u2022 Im Schulvorstand wirken der Schulleiter mit Vertretern der Lehrkr\u00e4fte, der Erziehungsberechtigten sowie der Sch\u00fcler zusammen, um die Arbeit der Schule mit dem Ziel der Qualit\u00e4tsentwicklung zu gestalten.<\/p>\n\n\n\n<p>\u2022 der Schulleiter unterrichtet den Schulvorstand \u00fcber alle wesentlichen Angelegenheiten der Schule, insbesondere \u00fcber die Umsetzung des Schulprogramms sowie den Stand der Verbesserungsma\u00dfnahmen.<\/p>\n\n\n\n<p>Der Schulvorstand entscheidet \u00fcber<\/p>\n\n\n\n<ul class=\"wp-block-list\">\n<li>die Inanspruchnahme der den Schulen im Hinblick auf ihre Eigenverantwortlichkeit von der obersten Schulbeh\u00f6rde einger\u00e4umten Entscheidungsspielr\u00e4ume,<\/li>\n\n\n\n<li>den Plan \u00fcber die Verwendung der Haushaltsmittel und die Entlastung des Schulleiters,<\/li>\n\n\n\n<li>die Beteiligung berufsbildender Schulen an Ma\u00dfnahmen Dritter,<\/li>\n\n\n\n<li>Antr\u00e4ge an die Schulbeh\u00f6rde auf Genehmigung einer besonderen Organisation,<\/li>\n\n\n\n<li>die Zusammenarbeit mit anderen Schulen,<\/li>\n\n\n\n<li>die F\u00fchrung einer Eingangsstufe,<\/li>\n\n\n\n<li>die Vorschl\u00e4ge an die Schulbeh\u00f6rde zur Besetzung der Stelle des Schulleiters, der Stelle des st\u00e4ndigen Vertreters sowie anderer Bef\u00f6rderungsstellen,<\/li>\n\n\n\n<li>die Abgabe der Stellungnahmen zur Herstellung des Benehmens bei der Besetzung der Stelle des Schulleiters und bei der Besetzung der Stelle des st\u00e4ndigen Vertreters,<\/li>\n\n\n\n<li>die Form, in der die Oberschule gef\u00fchrt wird, und dar\u00fcber, in welchen F\u00e4chern und Schuljahrg\u00e4ngen der Oberschule der Unterricht jahrgangsbezogen und in welchen er schulzweigspezifisch erteilt wird,<\/li>\n\n\n\n<li>die Ausgestaltung der Stundentafel,<\/li>\n\n\n\n<li>Schulpartnerschaften,<\/li>\n\n\n\n<li>die von der Schule bei der Namensgebung zu treffenden Mitwirkungsentscheidungen,<\/li>\n\n\n\n<li>Antr\u00e4ge an die Schulbeh\u00f6rde auf Genehmigung von Schulversuchen,<\/li>\n\n\n\n<li>Vorschl\u00e4ge der berufsbildenden Schulen an den Schultr\u00e4ger f\u00fcr Antr\u00e4ge auf Genehmigung schulorganisatorischer Entscheidungen sowie<\/li>\n\n\n\n<li>Grunds\u00e4tze f\u00fcr<\/li>\n<\/ul>\n\n\n\n<p>a)<\/p>\n\n\n\n<ol class=\"wp-block-list\" type=\"a\" start=\"1\">\n<li>die T\u00e4tigkeit der p\u00e4dagogischen Mitarbeiterinnen und&nbsp; Mitarbeiter an Grundschulen,<\/li>\n\n\n\n<li>die Durchf\u00fchrung von Projektwochen,<\/li>\n\n\n\n<li>die Werbung und das Sponsoring in der Schule und<\/li>\n\n\n\n<li>die j\u00e4hrliche \u00dcberpr\u00fcfung der Arbeit der Schule nach<\/li>\n<\/ol>\n\n\n\n<p>\u2022 Der Schulvorstand macht einen Vorschlag f\u00fcr das Schulprogramm und f\u00fcr die Schulordnung. Will die Gesamtkonferenz von den Entw\u00fcrfen des Schulvorstandes f\u00fcr das Schulprogramm oder f\u00fcr die Schulordnung abweichen, so ist das Benehmen mit dem Schulvorstand herzustellen.<\/p>\n","protected":false},"excerpt":{"rendered":"<p>Elternvertreter der Grund- und Oberschule Lindern im Schuljahr 2022\/23 Elternratsteam Frau Brinkmann, Frau Czupalla, Frau Werner Klassenelternr\u00e4te Klassenelternr\u00e4te 2022-23 Kreiselternrat Frau Jansen, Frau Thiering-Moormann Eltern im Schulvorstand Frau Brinkmann, Frau Kallage, Frau Schwarte Vertreter: Frau H\u00fcbner, Frau Pleuter, Frau Schwiering &hellip; <a href=\"https:\/\/www.schulelindern.de\/?page_id=1919344\">Weiterlesen <span class=\"meta-nav\">&rarr;<\/span><\/a><\/p>\n","protected":false},"author":3,"featured_media":0,"parent":0,"menu_order":0,"comment_status":"closed","ping_status":"closed","template":"","meta":{"footnotes":""},"class_list":["post-1919344","page","type-page","status-publish","hentry"],"_links":{"self":[{"href":"https:\/\/www.schulelindern.de\/index.php?rest_route=\/wp\/v2\/pages\/1919344","targetHints":{"allow":["GET"]}}],"collection":[{"href":"https:\/\/www.schulelindern.de\/index.php?rest_route=\/wp\/v2\/pages"}],"about":[{"href":"https:\/\/www.schulelindern.de\/index.php?rest_route=\/wp\/v2\/types\/page"}],"author":[{"embeddable":true,"href":"https:\/\/www.schulelindern.de\/index.php?rest_route=\/wp\/v2\/users\/3"}],"replies":[{"embeddable":true,"href":"https:\/\/www.schulelindern.de\/index.php?rest_route=%2Fwp%2Fv2%2Fcomments&post=1919344"}],"version-history":[{"count":15,"href":"https:\/\/www.schulelindern.de\/index.php?rest_route=\/wp\/v2\/pages\/1919344\/revisions"}],"predecessor-version":[{"id":2424606,"href":"https:\/\/www.schulelindern.de\/index.php?rest_route=\/wp\/v2\/pages\/1919344\/revisions\/2424606"}],"wp:attachment":[{"href":"https:\/\/www.schulelindern.de\/index.php?rest_route=%2Fwp%2Fv2%2Fmedia&parent=1919344"}],"curies":[{"name":"wp","href":"https:\/\/api.w.org\/{rel}","templated":true}]}}